{"id":2803,"date":"2020-05-13T19:35:46","date_gmt":"2020-05-13T19:35:46","guid":{"rendered":"http:\/\/test.netpc.ee\/?page_id=2803"},"modified":"2020-11-24T09:08:34","modified_gmt":"2020-11-24T09:08:34","slug":"serveri-e-posti-seadistamine","status":"publish","type":"page","link":"https:\/\/netpc.ee\/en\/abi\/serveri-e-posti-seadistamine\/","title":{"rendered":"Serveri e-posti seadistamine"},"content":{"rendered":"<div data-elementor-type=\"wp-page\" data-elementor-id=\"2803\" class=\"elementor elementor-2803\">\n\t\t\t\t\t\t<section class=\"elementor-section elementor-top-section elementor-element elementor-element-353bcc11 elementor-section-stretched elementor-section-height-min-height elementor-section-content-middle elementor-section-boxed elementor-section-height-default elementor-section-items-middle\" data-id=\"353bcc11\" data-element_type=\"section\" data-e-type=\"section\" data-settings=\"{&quot;stretch_section&quot;:&quot;section-stretched&quot;,&quot;background_background&quot;:&quot;classic&quot;}\">\n\t\t\t\t\t\t\t<div class=\"elementor-background-overlay\"><\/div>\n\t\t\t\t\t\t\t<div class=\"elementor-container elementor-column-gap-default\">\n\t\t\t\t\t<div class=\"elementor-column elementor-col-100 elementor-top-column elementor-element elementor-element-73c75e75\" data-id=\"73c75e75\" data-element_type=\"column\" data-e-type=\"column\">\n\t\t\t<div class=\"elementor-widget-wrap elementor-element-populated\">\n\t\t\t\t\t\t<section class=\"elementor-section elementor-inner-section elementor-element elementor-element-20a89a33 elementor-section-boxed elementor-section-height-default elementor-section-height-default\" data-id=\"20a89a33\" data-element_type=\"section\" data-e-type=\"section\">\n\t\t\t\t\t\t<div class=\"elementor-container elementor-column-gap-wide\">\n\t\t\t\t\t<div class=\"elementor-column elementor-col-100 elementor-inner-column elementor-element elementor-element-791f43e6\" data-id=\"791f43e6\" data-element_type=\"column\" data-e-type=\"column\">\n\t\t\t<div class=\"elementor-widget-wrap elementor-element-populated\">\n\t\t\t\t\t\t<div class=\"elementor-element elementor-element-1796366b elementor-widget elementor-widget-heading\" data-id=\"1796366b\" data-element_type=\"widget\" data-e-type=\"widget\" data-widget_type=\"heading.default\">\n\t\t\t\t<div class=\"elementor-widget-container\">\n\t\t\t\t\t<h2 class=\"elementor-heading-title elementor-size-default\">Serveri e-posti seadistamine<\/h2>\t\t\t\t<\/div>\n\t\t\t\t<\/div>\n\t\t\t\t<div class=\"elementor-element elementor-element-5a0a51b8 elementor-widget-divider--view-line elementor-widget elementor-widget-divider\" data-id=\"5a0a51b8\" data-element_type=\"widget\" data-e-type=\"widget\" data-widget_type=\"divider.default\">\n\t\t\t\t<div class=\"elementor-widget-container\">\n\t\t\t\t\t\t\t<div class=\"elementor-divider\">\n\t\t\t<span class=\"elementor-divider-separator\">\n\t\t\t\t\t\t<\/span>\n\t\t<\/div>\n\t\t\t\t\t\t<\/div>\n\t\t\t\t<\/div>\n\t\t\t\t\t<\/div>\n\t\t<\/div>\n\t\t\t\t\t<\/div>\n\t\t<\/section>\n\t\t\t\t\t<\/div>\n\t\t<\/div>\n\t\t\t\t\t<\/div>\n\t\t<\/section>\n\t\t\t\t<section class=\"elementor-section elementor-top-section elementor-element elementor-element-35f1e8b elementor-section-boxed elementor-section-height-default elementor-section-height-default\" data-id=\"35f1e8b\" data-element_type=\"section\" data-e-type=\"section\">\n\t\t\t\t\t\t<div class=\"elementor-container elementor-column-gap-default\">\n\t\t\t\t\t<div class=\"elementor-column elementor-col-100 elementor-top-column elementor-element elementor-element-fc9f04d\" data-id=\"fc9f04d\" data-element_type=\"column\" data-e-type=\"column\">\n\t\t\t<div class=\"elementor-widget-wrap elementor-element-populated\">\n\t\t\t\t\t\t<div class=\"elementor-element elementor-element-66492e9 elementor-widget elementor-widget-text-editor\" data-id=\"66492e9\" data-element_type=\"widget\" data-e-type=\"widget\" data-widget_type=\"text-editor.default\">\n\t\t\t\t<div class=\"elementor-widget-container\">\n\t\t\t\t\t\t\t\t\t<p>Sinu e-posti kontole sobivad j\u00e4rgmised e-posti seaded:<\/p><p>Turvaline \u00fchendus: <strong><span style=\"color: #ff0000;\">SSL, SSL\/TLS<\/span><\/strong><br \/>Sissetuleva e-posti ehk IMAP server: server.tdns.eu port <span style=\"color: #ff0000;\">993<\/span><br \/>Sissetuleva e-posti ehk POP3 server: server.tdns.eu port <span style=\"color: #ff0000;\">995<\/span><br \/>V\u00e4ljamineva e-posti ehk SMTP server: server.tdns.eu port <span style=\"color: #ff0000;\">465<\/span><br \/>V\u00e4ljamineva e-posti server n\u00f5uab autentimist (kasutajanimi on e-posti aadress, parool \u00fcldine v\u00f5i seadmekohane).<br \/>SSL\/TLS 465, STARTTLS 587<\/p><p>Vajadusel saab ka otse serverist e-posti lugeda.<\/p>\t\t\t\t\t\t\t\t<\/div>\n\t\t\t\t<\/div>\n\t\t\t\t<div class=\"elementor-element elementor-element-e0cd47e elementor-widget elementor-widget-button\" data-id=\"e0cd47e\" data-element_type=\"widget\" data-e-type=\"widget\" data-widget_type=\"button.default\">\n\t\t\t\t<div class=\"elementor-widget-container\">\n\t\t\t\t\t\t\t\t\t<div class=\"elementor-button-wrapper\">\n\t\t\t\t\t<a class=\"elementor-button elementor-button-link elementor-size-sm\" href=\"https:\/\/mail.tdns.eu\" target=\"_blank\">\n\t\t\t\t\t\t<span class=\"elementor-button-content-wrapper\">\n\t\t\t\t\t\t<span class=\"elementor-button-icon\">\n\t\t\t\t<i aria-hidden=\"true\" class=\"fas fa-mail-bulk\"><\/i>\t\t\t<\/span>\n\t\t\t\t\t\t\t\t\t<span class=\"elementor-button-text\">Webmail<\/span>\n\t\t\t\t\t<\/span>\n\t\t\t\t\t<\/a>\n\t\t\t\t<\/div>\n\t\t\t\t\t\t\t\t<\/div>\n\t\t\t\t<\/div>\n\t\t\t\t\t<\/div>\n\t\t<\/div>\n\t\t\t\t\t<\/div>\n\t\t<\/section>\n\t\t\t\t<\/div>","protected":false},"excerpt":{"rendered":"<p>Serveri e-posti seadistamine Sinu e-posti kontole sobivad j\u00e4rgmised e-posti seaded: Turvaline \u00fchendus: SSL, SSL\/TLSSissetuleva e-posti ehk IMAP server: server.tdns.eu port 993Sissetuleva e-posti ehk POP3 server: server.tdns.eu port 995V\u00e4ljamineva e-posti ehk SMTP server: server.tdns.eu port 465V\u00e4ljamineva e-posti server n\u00f5uab autentimist (kasutajanimi on e-posti aadress, parool \u00fcldine v\u00f5i seadmekohane).SSL\/TLS 465, STARTTLS 587 Vajadusel saab ka otse serverist&hellip;<\/p>","protected":false},"author":1,"featured_media":26,"parent":2688,"menu_order":0,"comment_status":"closed","ping_status":"closed","template":"elementor_header_footer","meta":{"footnotes":""},"class_list":["post-2803","page","type-page","status-publish","has-post-thumbnail","hentry"],"yoast_head":"<!-- This site is optimized with the Yoast SEO plugin v27.4 - https:\/\/yoast.com\/product\/yoast-seo-wordpress\/ -->\n<title>Serveri e-posti seadistamine - Netpc O\u00dc<\/title>\n<meta name=\"robots\" content=\"index, follow, max-snippet:-1, max-image-preview:large, max-video-preview:-1\" \/>\n<link rel=\"canonical\" href=\"https:\/\/netpc.ee\/en\/abi\/serveri-e-posti-seadistamine\/\" \/>\n<meta property=\"og:locale\" content=\"en_GB\" \/>\n<meta property=\"og:type\" content=\"article\" \/>\n<meta property=\"og:title\" content=\"Serveri e-posti seadistamine - Netpc O\u00dc\" \/>\n<meta property=\"og:description\" content=\"Serveri e-posti seadistamine Sinu e-posti kontole sobivad j\u00e4rgmised e-posti seaded: Turvaline \u00fchendus: SSL, SSL\/TLSSissetuleva e-posti ehk IMAP server: server.tdns.eu port 993Sissetuleva e-posti ehk POP3 server: server.tdns.eu port 995V\u00e4ljamineva e-posti ehk SMTP server: server.tdns.eu port 465V\u00e4ljamineva e-posti server n\u00f5uab autentimist (kasutajanimi on e-posti aadress, parool \u00fcldine v\u00f5i seadmekohane).SSL\/TLS 465, STARTTLS 587 Vajadusel saab ka otse serverist&hellip;\" \/>\n<meta property=\"og:url\" content=\"https:\/\/netpc.ee\/en\/abi\/serveri-e-posti-seadistamine\/\" \/>\n<meta property=\"og:site_name\" content=\"Netpc O\u00dc\" \/>\n<meta property=\"article:modified_time\" content=\"2020-11-24T09:08:34+00:00\" \/>\n<meta property=\"og:image\" content=\"https:\/\/netpc.ee\/wp-content\/uploads\/2019\/11\/7-bg-09.jpg\" \/>\n\t<meta property=\"og:image:width\" content=\"1600\" \/>\n\t<meta property=\"og:image:height\" content=\"1000\" \/>\n\t<meta property=\"og:image:type\" content=\"image\/jpeg\" \/>\n<meta name=\"twitter:card\" content=\"summary_large_image\" \/>\n<script type=\"application\/ld+json\" class=\"yoast-schema-graph\">{\"@context\":\"https:\\\/\\\/schema.org\",\"@graph\":[{\"@type\":\"WebPage\",\"@id\":\"https:\\\/\\\/netpc.ee\\\/abi\\\/serveri-e-posti-seadistamine\\\/\",\"url\":\"https:\\\/\\\/netpc.ee\\\/abi\\\/serveri-e-posti-seadistamine\\\/\",\"name\":\"Serveri e-posti seadistamine - Netpc O\u00dc\",\"isPartOf\":{\"@id\":\"https:\\\/\\\/netpc.ee\\\/#website\"},\"primaryImageOfPage\":{\"@id\":\"https:\\\/\\\/netpc.ee\\\/abi\\\/serveri-e-posti-seadistamine\\\/#primaryimage\"},\"image\":{\"@id\":\"https:\\\/\\\/netpc.ee\\\/abi\\\/serveri-e-posti-seadistamine\\\/#primaryimage\"},\"thumbnailUrl\":\"https:\\\/\\\/netpc.ee\\\/wp-content\\\/uploads\\\/2019\\\/11\\\/7-bg-09.jpg\",\"datePublished\":\"2020-05-13T19:35:46+00:00\",\"dateModified\":\"2020-11-24T09:08:34+00:00\",\"breadcrumb\":{\"@id\":\"https:\\\/\\\/netpc.ee\\\/abi\\\/serveri-e-posti-seadistamine\\\/#breadcrumb\"},\"inLanguage\":\"en-GB\",\"potentialAction\":[{\"@type\":\"ReadAction\",\"target\":[\"https:\\\/\\\/netpc.ee\\\/abi\\\/serveri-e-posti-seadistamine\\\/\"]}]},{\"@type\":\"ImageObject\",\"inLanguage\":\"en-GB\",\"@id\":\"https:\\\/\\\/netpc.ee\\\/abi\\\/serveri-e-posti-seadistamine\\\/#primaryimage\",\"url\":\"https:\\\/\\\/netpc.ee\\\/wp-content\\\/uploads\\\/2019\\\/11\\\/7-bg-09.jpg\",\"contentUrl\":\"https:\\\/\\\/netpc.ee\\\/wp-content\\\/uploads\\\/2019\\\/11\\\/7-bg-09.jpg\",\"width\":1600,\"height\":1000},{\"@type\":\"BreadcrumbList\",\"@id\":\"https:\\\/\\\/netpc.ee\\\/abi\\\/serveri-e-posti-seadistamine\\\/#breadcrumb\",\"itemListElement\":[{\"@type\":\"ListItem\",\"position\":1,\"name\":\"Home\",\"item\":\"https:\\\/\\\/netpc.ee\\\/\"},{\"@type\":\"ListItem\",\"position\":2,\"name\":\"Abi\",\"item\":\"https:\\\/\\\/netpc.ee\\\/abi\\\/\"},{\"@type\":\"ListItem\",\"position\":3,\"name\":\"Serveri e-posti seadistamine\"}]},{\"@type\":\"WebSite\",\"@id\":\"https:\\\/\\\/netpc.ee\\\/#website\",\"url\":\"https:\\\/\\\/netpc.ee\\\/\",\"name\":\"Netpc O\u00dc\",\"description\":\"\",\"publisher\":{\"@id\":\"https:\\\/\\\/netpc.ee\\\/#organization\"},\"potentialAction\":[{\"@type\":\"SearchAction\",\"target\":{\"@type\":\"EntryPoint\",\"urlTemplate\":\"https:\\\/\\\/netpc.ee\\\/?s={search_term_string}\"},\"query-input\":{\"@type\":\"PropertyValueSpecification\",\"valueRequired\":true,\"valueName\":\"search_term_string\"}}],\"inLanguage\":\"en-GB\"},{\"@type\":\"Organization\",\"@id\":\"https:\\\/\\\/netpc.ee\\\/#organization\",\"name\":\"Netpc O\u00dc\",\"url\":\"https:\\\/\\\/netpc.ee\\\/\",\"logo\":{\"@type\":\"ImageObject\",\"inLanguage\":\"en-GB\",\"@id\":\"https:\\\/\\\/netpc.ee\\\/#\\\/schema\\\/logo\\\/image\\\/\",\"url\":\"https:\\\/\\\/netpc.ee\\\/wp-content\\\/uploads\\\/2020\\\/05\\\/icon-2.png\",\"contentUrl\":\"https:\\\/\\\/netpc.ee\\\/wp-content\\\/uploads\\\/2020\\\/05\\\/icon-2.png\",\"width\":60,\"height\":63,\"caption\":\"Netpc O\u00dc\"},\"image\":{\"@id\":\"https:\\\/\\\/netpc.ee\\\/#\\\/schema\\\/logo\\\/image\\\/\"}}]}<\/script>\n<!-- \/ Yoast SEO plugin. -->","yoast_head_json":{"title":"Serveri e-posti seadistamine - Netpc O\u00dc","robots":{"index":"index","follow":"follow","max-snippet":"max-snippet:-1","max-image-preview":"max-image-preview:large","max-video-preview":"max-video-preview:-1"},"canonical":"https:\/\/netpc.ee\/en\/abi\/serveri-e-posti-seadistamine\/","og_locale":"en_GB","og_type":"article","og_title":"Serveri e-posti seadistamine - Netpc O\u00dc","og_description":"Serveri e-posti seadistamine Sinu e-posti kontole sobivad j\u00e4rgmised e-posti seaded: Turvaline \u00fchendus: SSL, SSL\/TLSSissetuleva e-posti ehk IMAP server: server.tdns.eu port 993Sissetuleva e-posti ehk POP3 server: server.tdns.eu port 995V\u00e4ljamineva e-posti ehk SMTP server: server.tdns.eu port 465V\u00e4ljamineva e-posti server n\u00f5uab autentimist (kasutajanimi on e-posti aadress, parool \u00fcldine v\u00f5i seadmekohane).SSL\/TLS 465, STARTTLS 587 Vajadusel saab ka otse serverist&hellip;","og_url":"https:\/\/netpc.ee\/en\/abi\/serveri-e-posti-seadistamine\/","og_site_name":"Netpc O\u00dc","article_modified_time":"2020-11-24T09:08:34+00:00","og_image":[{"width":1600,"height":1000,"url":"https:\/\/netpc.ee\/wp-content\/uploads\/2019\/11\/7-bg-09.jpg","type":"image\/jpeg"}],"twitter_card":"summary_large_image","schema":{"@context":"https:\/\/schema.org","@graph":[{"@type":"WebPage","@id":"https:\/\/netpc.ee\/abi\/serveri-e-posti-seadistamine\/","url":"https:\/\/netpc.ee\/abi\/serveri-e-posti-seadistamine\/","name":"Serveri e-posti seadistamine - Netpc O\u00dc","isPartOf":{"@id":"https:\/\/netpc.ee\/#website"},"primaryImageOfPage":{"@id":"https:\/\/netpc.ee\/abi\/serveri-e-posti-seadistamine\/#primaryimage"},"image":{"@id":"https:\/\/netpc.ee\/abi\/serveri-e-posti-seadistamine\/#primaryimage"},"thumbnailUrl":"https:\/\/netpc.ee\/wp-content\/uploads\/2019\/11\/7-bg-09.jpg","datePublished":"2020-05-13T19:35:46+00:00","dateModified":"2020-11-24T09:08:34+00:00","breadcrumb":{"@id":"https:\/\/netpc.ee\/abi\/serveri-e-posti-seadistamine\/#breadcrumb"},"inLanguage":"en-GB","potentialAction":[{"@type":"ReadAction","target":["https:\/\/netpc.ee\/abi\/serveri-e-posti-seadistamine\/"]}]},{"@type":"ImageObject","inLanguage":"en-GB","@id":"https:\/\/netpc.ee\/abi\/serveri-e-posti-seadistamine\/#primaryimage","url":"https:\/\/netpc.ee\/wp-content\/uploads\/2019\/11\/7-bg-09.jpg","contentUrl":"https:\/\/netpc.ee\/wp-content\/uploads\/2019\/11\/7-bg-09.jpg","width":1600,"height":1000},{"@type":"BreadcrumbList","@id":"https:\/\/netpc.ee\/abi\/serveri-e-posti-seadistamine\/#breadcrumb","itemListElement":[{"@type":"ListItem","position":1,"name":"Home","item":"https:\/\/netpc.ee\/"},{"@type":"ListItem","position":2,"name":"Abi","item":"https:\/\/netpc.ee\/abi\/"},{"@type":"ListItem","position":3,"name":"Serveri e-posti seadistamine"}]},{"@type":"WebSite","@id":"https:\/\/netpc.ee\/#website","url":"https:\/\/netpc.ee\/","name":"Netpc O\u00dc","description":"","publisher":{"@id":"https:\/\/netpc.ee\/#organization"},"potentialAction":[{"@type":"SearchAction","target":{"@type":"EntryPoint","urlTemplate":"https:\/\/netpc.ee\/?s={search_term_string}"},"query-input":{"@type":"PropertyValueSpecification","valueRequired":true,"valueName":"search_term_string"}}],"inLanguage":"en-GB"},{"@type":"Organization","@id":"https:\/\/netpc.ee\/#organization","name":"Netpc O\u00dc","url":"https:\/\/netpc.ee\/","logo":{"@type":"ImageObject","inLanguage":"en-GB","@id":"https:\/\/netpc.ee\/#\/schema\/logo\/image\/","url":"https:\/\/netpc.ee\/wp-content\/uploads\/2020\/05\/icon-2.png","contentUrl":"https:\/\/netpc.ee\/wp-content\/uploads\/2020\/05\/icon-2.png","width":60,"height":63,"caption":"Netpc O\u00dc"},"image":{"@id":"https:\/\/netpc.ee\/#\/schema\/logo\/image\/"}}]}},"_links":{"self":[{"href":"https:\/\/netpc.ee\/en\/wp-json\/wp\/v2\/pages\/2803","targetHints":{"allow":["GET"]}}],"collection":[{"href":"https:\/\/netpc.ee\/en\/wp-json\/wp\/v2\/pages"}],"about":[{"href":"https:\/\/netpc.ee\/en\/wp-json\/wp\/v2\/types\/page"}],"author":[{"embeddable":true,"href":"https:\/\/netpc.ee\/en\/wp-json\/wp\/v2\/users\/1"}],"replies":[{"embeddable":true,"href":"https:\/\/netpc.ee\/en\/wp-json\/wp\/v2\/comments?post=2803"}],"version-history":[{"count":9,"href":"https:\/\/netpc.ee\/en\/wp-json\/wp\/v2\/pages\/2803\/revisions"}],"predecessor-version":[{"id":2925,"href":"https:\/\/netpc.ee\/en\/wp-json\/wp\/v2\/pages\/2803\/revisions\/2925"}],"up":[{"embeddable":true,"href":"https:\/\/netpc.ee\/en\/wp-json\/wp\/v2\/pages\/2688"}],"wp:featuredmedia":[{"embeddable":true,"href":"https:\/\/netpc.ee\/en\/wp-json\/wp\/v2\/media\/26"}],"wp:attachment":[{"href":"https:\/\/netpc.ee\/en\/wp-json\/wp\/v2\/media?parent=2803"}],"curies":[{"name":"wp","href":"https:\/\/api.w.org\/{rel}","templated":true}]}}