{"id":275,"date":"2019-11-15T11:51:34","date_gmt":"2019-11-15T11:51:34","guid":{"rendered":"https:\/\/the7.io\/elementor-starter\/?page_id=275"},"modified":"2025-06-01T22:21:42","modified_gmt":"2025-06-01T19:21:42","slug":"firmast","status":"publish","type":"page","link":"https:\/\/netpc.ee\/en\/firmast\/","title":{"rendered":"Company"},"content":{"rendered":"<div data-elementor-type=\"wp-page\" data-elementor-id=\"275\" class=\"elementor elementor-275\">\n\t\t\t\t\t\t<section class=\"elementor-section elementor-top-section elementor-element elementor-element-14babca7 elementor-section-stretched elementor-section-height-min-height elementor-section-content-middle elementor-section-boxed elementor-section-height-default elementor-section-items-middle\" data-id=\"14babca7\" data-element_type=\"section\" data-e-type=\"section\" data-settings=\"{&quot;stretch_section&quot;:&quot;section-stretched&quot;,&quot;background_background&quot;:&quot;classic&quot;}\">\n\t\t\t\t\t\t\t<div class=\"elementor-background-overlay\"><\/div>\n\t\t\t\t\t\t\t<div class=\"elementor-container elementor-column-gap-default\">\n\t\t\t\t\t<div class=\"elementor-column elementor-col-100 elementor-top-column elementor-element elementor-element-2e5820fa\" data-id=\"2e5820fa\" data-element_type=\"column\" data-e-type=\"column\">\n\t\t\t<div class=\"elementor-widget-wrap elementor-element-populated\">\n\t\t\t\t\t\t<section class=\"elementor-section elementor-inner-section elementor-element elementor-element-61aa6b90 elementor-section-boxed elementor-section-height-default elementor-section-height-default\" data-id=\"61aa6b90\" data-element_type=\"section\" data-e-type=\"section\">\n\t\t\t\t\t\t<div class=\"elementor-container elementor-column-gap-wide\">\n\t\t\t\t\t<div class=\"elementor-column elementor-col-100 elementor-inner-column elementor-element elementor-element-391ff2b\" data-id=\"391ff2b\" data-element_type=\"column\" data-e-type=\"column\">\n\t\t\t<div class=\"elementor-widget-wrap elementor-element-populated\">\n\t\t\t\t\t\t<div class=\"elementor-element elementor-element-4cbb9f66 elementor-widget elementor-widget-heading\" data-id=\"4cbb9f66\" data-element_type=\"widget\" data-e-type=\"widget\" data-widget_type=\"heading.default\">\n\t\t\t\t<div class=\"elementor-widget-container\">\n\t\t\t\t\t<h2 class=\"elementor-heading-title elementor-size-default\">Company<\/h2>\t\t\t\t<\/div>\n\t\t\t\t<\/div>\n\t\t\t\t<div class=\"elementor-element elementor-element-661ab620 elementor-widget-divider--view-line elementor-widget elementor-widget-divider\" data-id=\"661ab620\" data-element_type=\"widget\" data-e-type=\"widget\" data-widget_type=\"divider.default\">\n\t\t\t\t<div class=\"elementor-widget-container\">\n\t\t\t\t\t\t\t<div class=\"elementor-divider\">\n\t\t\t<span class=\"elementor-divider-separator\">\n\t\t\t\t\t\t<\/span>\n\t\t<\/div>\n\t\t\t\t\t\t<\/div>\n\t\t\t\t<\/div>\n\t\t\t\t\t<\/div>\n\t\t<\/div>\n\t\t\t\t\t<\/div>\n\t\t<\/section>\n\t\t\t\t\t<\/div>\n\t\t<\/div>\n\t\t\t\t\t<\/div>\n\t\t<\/section>\n\t\t\t\t<section class=\"elementor-section elementor-top-section elementor-element elementor-element-4e1a3687 elementor-section-content-middle elementor-reverse-mobile elementor-section-boxed elementor-section-height-default elementor-section-height-default\" data-id=\"4e1a3687\" data-element_type=\"section\" data-e-type=\"section\">\n\t\t\t\t\t\t<div class=\"elementor-container elementor-column-gap-wider\">\n\t\t\t\t\t<div class=\"elementor-column elementor-col-50 elementor-top-column elementor-element elementor-element-5f7ddf39\" data-id=\"5f7ddf39\" data-element_type=\"column\" data-e-type=\"column\">\n\t\t\t<div class=\"elementor-widget-wrap elementor-element-populated\">\n\t\t\t\t\t\t<div class=\"elementor-element elementor-element-7db27158 elementor-widget elementor-widget-heading\" data-id=\"7db27158\" data-element_type=\"widget\" data-e-type=\"widget\" data-widget_type=\"heading.default\">\n\t\t\t\t<div class=\"elementor-widget-container\">\n\t\t\t\t\t<h2 class=\"elementor-heading-title elementor-size-default\">About us<\/h2>\t\t\t\t<\/div>\n\t\t\t\t<\/div>\n\t\t\t\t<div class=\"elementor-element elementor-element-6350c94b elementor-widget-divider--view-line elementor-widget elementor-widget-divider\" data-id=\"6350c94b\" data-element_type=\"widget\" data-e-type=\"widget\" data-widget_type=\"divider.default\">\n\t\t\t\t<div class=\"elementor-widget-container\">\n\t\t\t\t\t\t\t<div class=\"elementor-divider\">\n\t\t\t<span class=\"elementor-divider-separator\">\n\t\t\t\t\t\t<\/span>\n\t\t<\/div>\n\t\t\t\t\t\t<\/div>\n\t\t\t\t<\/div>\n\t\t\t\t<div class=\"elementor-element elementor-element-524090ad elementor-widget elementor-widget-text-editor\" data-id=\"524090ad\" data-element_type=\"widget\" data-e-type=\"widget\" data-widget_type=\"text-editor.default\">\n\t\t\t\t<div class=\"elementor-widget-container\">\n\t\t\t\t\t\t\t\t\t<p class=\"translation-block\"><strong>NetPC O\u00dc<\/strong> is a company based on Estonian capital founded in 2013.\nWe sell IT equipment and repair and maintenance of customer hardware. Setting up and hosting servers.\nNetpc's activities mainly target the Estonian market.\nNetpc uses the best collaborative partners and top specialists in its field to provide its services.<\/p>\t\t\t\t\t\t\t\t<\/div>\n\t\t\t\t<\/div>\n\t\t\t\t\t<\/div>\n\t\t<\/div>\n\t\t\t\t<div class=\"elementor-column elementor-col-50 elementor-top-column elementor-element elementor-element-2f147dc8\" data-id=\"2f147dc8\" data-element_type=\"column\" data-e-type=\"column\">\n\t\t\t<div class=\"elementor-widget-wrap elementor-element-populated\">\n\t\t\t\t\t\t<div class=\"elementor-element elementor-element-61b4358d elementor-widget elementor-widget-image\" data-id=\"61b4358d\" data-element_type=\"widget\" data-e-type=\"widget\" data-widget_type=\"image.default\">\n\t\t\t\t<div class=\"elementor-widget-container\">\n\t\t\t\t\t\t\t\t\t\t\t\t\t\t\t<img decoding=\"async\" src=\"https:\/\/netpc.ee\/wp-content\/uploads\/elementor\/thumbs\/firmast1-scaled-rm2xucgsynegycwhn222fye2nyousepiqb9jr4rnrk.jpg\" title=\"firmast1\" alt=\"firmast1\" loading=\"lazy\" \/>\t\t\t\t\t\t\t\t\t\t\t\t\t\t\t<\/div>\n\t\t\t\t<\/div>\n\t\t\t\t\t<\/div>\n\t\t<\/div>\n\t\t\t\t\t<\/div>\n\t\t<\/section>\n\t\t\t\t<section class=\"elementor-section elementor-top-section elementor-element elementor-element-3636cdf8 elementor-section-content-middle elementor-section-boxed elementor-section-height-default elementor-section-height-default\" data-id=\"3636cdf8\" data-element_type=\"section\" data-e-type=\"section\">\n\t\t\t\t\t\t<div class=\"elementor-container elementor-column-gap-wider\">\n\t\t\t\t\t<div class=\"elementor-column elementor-col-50 elementor-top-column elementor-element elementor-element-47b5a036\" data-id=\"47b5a036\" data-element_type=\"column\" data-e-type=\"column\">\n\t\t\t<div class=\"elementor-widget-wrap elementor-element-populated\">\n\t\t\t\t\t\t<div class=\"elementor-element elementor-element-18f69a45 elementor-widget elementor-widget-image\" data-id=\"18f69a45\" data-element_type=\"widget\" data-e-type=\"widget\" data-widget_type=\"image.default\">\n\t\t\t\t<div class=\"elementor-widget-container\">\n\t\t\t\t\t\t\t\t\t\t\t\t\t\t\t<img decoding=\"async\" src=\"https:\/\/netpc.ee\/wp-content\/uploads\/elementor\/thumbs\/firmast2-scaled-rm2xucgsynegycwhn222fye2nyousepiqb9jr4rnrk.jpg\" title=\"firmast2\" alt=\"firmast2\" loading=\"lazy\" \/>\t\t\t\t\t\t\t\t\t\t\t\t\t\t\t<\/div>\n\t\t\t\t<\/div>\n\t\t\t\t\t<\/div>\n\t\t<\/div>\n\t\t\t\t<div class=\"elementor-column elementor-col-50 elementor-top-column elementor-element elementor-element-4811c395\" data-id=\"4811c395\" data-element_type=\"column\" data-e-type=\"column\">\n\t\t\t<div class=\"elementor-widget-wrap elementor-element-populated\">\n\t\t\t\t\t\t<div class=\"elementor-element elementor-element-7182e06d elementor-widget elementor-widget-heading\" data-id=\"7182e06d\" data-element_type=\"widget\" data-e-type=\"widget\" data-widget_type=\"heading.default\">\n\t\t\t\t<div class=\"elementor-widget-container\">\n\t\t\t\t\t<h2 class=\"elementor-heading-title elementor-size-default\">M\u00f5ned numbrid<\/h2>\t\t\t\t<\/div>\n\t\t\t\t<\/div>\n\t\t\t\t<div class=\"elementor-element elementor-element-48dc96cf elementor-widget-divider--view-line elementor-widget elementor-widget-divider\" data-id=\"48dc96cf\" data-element_type=\"widget\" data-e-type=\"widget\" data-widget_type=\"divider.default\">\n\t\t\t\t<div class=\"elementor-widget-container\">\n\t\t\t\t\t\t\t<div class=\"elementor-divider\">\n\t\t\t<span class=\"elementor-divider-separator\">\n\t\t\t\t\t\t<\/span>\n\t\t<\/div>\n\t\t\t\t\t\t<\/div>\n\t\t\t\t<\/div>\n\t\t\t\t<section class=\"elementor-section elementor-inner-section elementor-element elementor-element-5cfb7090 elementor-section-boxed elementor-section-height-default elementor-section-height-default\" data-id=\"5cfb7090\" data-element_type=\"section\" data-e-type=\"section\">\n\t\t\t\t\t\t<div class=\"elementor-container elementor-column-gap-wide\">\n\t\t\t\t\t<div class=\"elementor-column elementor-col-33 elementor-inner-column elementor-element elementor-element-2441a793\" data-id=\"2441a793\" data-element_type=\"column\" data-e-type=\"column\">\n\t\t\t<div class=\"elementor-widget-wrap elementor-element-populated\">\n\t\t\t\t\t\t<div class=\"elementor-element elementor-element-7021e237 elementor-view-default elementor-widget elementor-widget-icon\" data-id=\"7021e237\" data-element_type=\"widget\" data-e-type=\"widget\" data-widget_type=\"icon.default\">\n\t\t\t\t<div class=\"elementor-widget-container\">\n\t\t\t\t\t\t\t<div class=\"elementor-icon-wrapper\">\n\t\t\t<div class=\"elementor-icon\">\n\t\t\t<i aria-hidden=\"true\" class=\"far fa-calendar-check\"><\/i>\t\t\t<\/div>\n\t\t<\/div>\n\t\t\t\t\t\t<\/div>\n\t\t\t\t<\/div>\n\t\t\t\t<div class=\"elementor-element elementor-element-71c9bf80 elementor-widget elementor-widget-counter\" data-id=\"71c9bf80\" data-element_type=\"widget\" data-e-type=\"widget\" data-widget_type=\"counter.default\">\n\t\t\t\t<div class=\"elementor-widget-container\">\n\t\t\t\t\t\t\t<div class=\"elementor-counter\">\n\t\t\t<div class=\"elementor-counter-title\">Firma vanus<\/div>\t\t\t<div class=\"elementor-counter-number-wrapper\">\n\t\t\t\t<span class=\"elementor-counter-number-prefix\"><\/span>\n\t\t\t\t<span class=\"elementor-counter-number\" data-duration=\"1000\" data-to-value=\"12\" data-from-value=\"1\" data-delimiter=\",\">1<\/span>\n\t\t\t\t<span class=\"elementor-counter-number-suffix\"><\/span>\n\t\t\t<\/div>\n\t\t<\/div>\n\t\t\t\t\t\t<\/div>\n\t\t\t\t<\/div>\n\t\t\t\t\t<\/div>\n\t\t<\/div>\n\t\t\t\t<div class=\"elementor-column elementor-col-33 elementor-inner-column elementor-element elementor-element-394d67ff\" data-id=\"394d67ff\" data-element_type=\"column\" data-e-type=\"column\">\n\t\t\t<div class=\"elementor-widget-wrap elementor-element-populated\">\n\t\t\t\t\t\t<div class=\"elementor-element elementor-element-5c0883c6 elementor-view-default elementor-widget elementor-widget-icon\" data-id=\"5c0883c6\" data-element_type=\"widget\" data-e-type=\"widget\" data-widget_type=\"icon.default\">\n\t\t\t\t<div class=\"elementor-widget-container\">\n\t\t\t\t\t\t\t<div class=\"elementor-icon-wrapper\">\n\t\t\t<div class=\"elementor-icon\">\n\t\t\t<i aria-hidden=\"true\" class=\"fas fa-project-diagram\"><\/i>\t\t\t<\/div>\n\t\t<\/div>\n\t\t\t\t\t\t<\/div>\n\t\t\t\t<\/div>\n\t\t\t\t<div class=\"elementor-element elementor-element-171d6c3f elementor-widget elementor-widget-counter\" data-id=\"171d6c3f\" data-element_type=\"widget\" data-e-type=\"widget\" data-widget_type=\"counter.default\">\n\t\t\t\t<div class=\"elementor-widget-container\">\n\t\t\t\t\t\t\t<div class=\"elementor-counter\">\n\t\t\t<div class=\"elementor-counter-title\">T\u00f6\u00f6s projektid<\/div>\t\t\t<div class=\"elementor-counter-number-wrapper\">\n\t\t\t\t<span class=\"elementor-counter-number-prefix\"><\/span>\n\t\t\t\t<span class=\"elementor-counter-number\" data-duration=\"1000\" data-to-value=\"4\" data-from-value=\"1\" data-delimiter=\",\">1<\/span>\n\t\t\t\t<span class=\"elementor-counter-number-suffix\"><\/span>\n\t\t\t<\/div>\n\t\t<\/div>\n\t\t\t\t\t\t<\/div>\n\t\t\t\t<\/div>\n\t\t\t\t\t<\/div>\n\t\t<\/div>\n\t\t\t\t<div class=\"elementor-column elementor-col-33 elementor-inner-column elementor-element elementor-element-72dd34c\" data-id=\"72dd34c\" data-element_type=\"column\" data-e-type=\"column\">\n\t\t\t<div class=\"elementor-widget-wrap\">\n\t\t\t\t\t\t\t<\/div>\n\t\t<\/div>\n\t\t\t\t\t<\/div>\n\t\t<\/section>\n\t\t\t\t<section class=\"elementor-section elementor-inner-section elementor-element elementor-element-15ea5ede elementor-section-boxed elementor-section-height-default elementor-section-height-default\" data-id=\"15ea5ede\" data-element_type=\"section\" data-e-type=\"section\">\n\t\t\t\t\t\t<div class=\"elementor-container elementor-column-gap-wide\">\n\t\t\t\t\t<div class=\"elementor-column elementor-col-33 elementor-inner-column elementor-element elementor-element-6368ae5e\" data-id=\"6368ae5e\" data-element_type=\"column\" data-e-type=\"column\">\n\t\t\t<div class=\"elementor-widget-wrap elementor-element-populated\">\n\t\t\t\t\t\t<div class=\"elementor-element elementor-element-222fc249 elementor-view-default elementor-widget elementor-widget-icon\" data-id=\"222fc249\" data-element_type=\"widget\" data-e-type=\"widget\" data-widget_type=\"icon.default\">\n\t\t\t\t<div class=\"elementor-widget-container\">\n\t\t\t\t\t\t\t<div class=\"elementor-icon-wrapper\">\n\t\t\t<div class=\"elementor-icon\">\n\t\t\t<i aria-hidden=\"true\" class=\"fas fa-briefcase\"><\/i>\t\t\t<\/div>\n\t\t<\/div>\n\t\t\t\t\t\t<\/div>\n\t\t\t\t<\/div>\n\t\t\t\t<div class=\"elementor-element elementor-element-4ddfa361 elementor-widget elementor-widget-counter\" data-id=\"4ddfa361\" data-element_type=\"widget\" data-e-type=\"widget\" data-widget_type=\"counter.default\">\n\t\t\t\t<div class=\"elementor-widget-container\">\n\t\t\t\t\t\t\t<div class=\"elementor-counter\">\n\t\t\t<div class=\"elementor-counter-title\">Valminud t\u00f6id<\/div>\t\t\t<div class=\"elementor-counter-number-wrapper\">\n\t\t\t\t<span class=\"elementor-counter-number-prefix\"><\/span>\n\t\t\t\t<span class=\"elementor-counter-number\" data-duration=\"1000\" data-to-value=\"80\" data-from-value=\"20\" data-delimiter=\",\">20<\/span>\n\t\t\t\t<span class=\"elementor-counter-number-suffix\">+<\/span>\n\t\t\t<\/div>\n\t\t<\/div>\n\t\t\t\t\t\t<\/div>\n\t\t\t\t<\/div>\n\t\t\t\t\t<\/div>\n\t\t<\/div>\n\t\t\t\t<div class=\"elementor-column elementor-col-33 elementor-inner-column elementor-element elementor-element-4dc8c447\" data-id=\"4dc8c447\" data-element_type=\"column\" data-e-type=\"column\">\n\t\t\t<div class=\"elementor-widget-wrap elementor-element-populated\">\n\t\t\t\t\t\t<div class=\"elementor-element elementor-element-5577aca8 elementor-view-default elementor-widget elementor-widget-icon\" data-id=\"5577aca8\" data-element_type=\"widget\" data-e-type=\"widget\" data-widget_type=\"icon.default\">\n\t\t\t\t<div class=\"elementor-widget-container\">\n\t\t\t\t\t\t\t<div class=\"elementor-icon-wrapper\">\n\t\t\t<div class=\"elementor-icon\">\n\t\t\t<i aria-hidden=\"true\" class=\"fas fa-users\"><\/i>\t\t\t<\/div>\n\t\t<\/div>\n\t\t\t\t\t\t<\/div>\n\t\t\t\t<\/div>\n\t\t\t\t<div class=\"elementor-element elementor-element-27f66e8a elementor-widget elementor-widget-counter\" data-id=\"27f66e8a\" data-element_type=\"widget\" data-e-type=\"widget\" data-widget_type=\"counter.default\">\n\t\t\t\t<div class=\"elementor-widget-container\">\n\t\t\t\t\t\t\t<div class=\"elementor-counter\">\n\t\t\t<div class=\"elementor-counter-title\">Kliente<\/div>\t\t\t<div class=\"elementor-counter-number-wrapper\">\n\t\t\t\t<span class=\"elementor-counter-number-prefix\"><\/span>\n\t\t\t\t<span class=\"elementor-counter-number\" data-duration=\"1000\" data-to-value=\"50\" data-from-value=\"40\" data-delimiter=\",\">40<\/span>\n\t\t\t\t<span class=\"elementor-counter-number-suffix\">+<\/span>\n\t\t\t<\/div>\n\t\t<\/div>\n\t\t\t\t\t\t<\/div>\n\t\t\t\t<\/div>\n\t\t\t\t\t<\/div>\n\t\t<\/div>\n\t\t\t\t<div class=\"elementor-column elementor-col-33 elementor-inner-column elementor-element elementor-element-37bd328a\" data-id=\"37bd328a\" data-element_type=\"column\" data-e-type=\"column\">\n\t\t\t<div class=\"elementor-widget-wrap\">\n\t\t\t\t\t\t\t<\/div>\n\t\t<\/div>\n\t\t\t\t\t<\/div>\n\t\t<\/section>\n\t\t\t\t\t<\/div>\n\t\t<\/div>\n\t\t\t\t\t<\/div>\n\t\t<\/section>\n\t\t\t\t<\/div>","protected":false},"excerpt":{"rendered":"<p>Firmast Meist NetPC O\u00dc on 2013. aastal asutatud Eesti kapitalil p\u00f5hinev ettev\u00f5te.Tegeleme IT-seadmete m\u00fc\u00fcgiga ja kliendi riistvara remondi ja hooldusega. Serverite seadistamisega ja hostinguga.NetPC tegevus suunatud peamiselt Eesti turule.NetPC kasutab oma teenuste osutamisel parimaid koost\u00f6\u00f6partnereid ja oma ala tippspetsialiste. M\u00f5ned numbrid Firma vanus 1 T\u00f6\u00f6s projektid 1 Valminud t\u00f6id 20 + Kliente 40 +<\/p>","protected":false},"author":1,"featured_media":19,"parent":0,"menu_order":20,"comment_status":"closed","ping_status":"closed","template":"elementor_header_footer","meta":{"footnotes":""},"class_list":["post-275","page","type-page","status-publish","has-post-thumbnail","hentry"],"yoast_head":"<!-- This site is optimized with the Yoast SEO plugin v27.4 - https:\/\/yoast.com\/product\/yoast-seo-wordpress\/ -->\n<title>Firmast - Netpc O\u00dc<\/title>\n<meta name=\"robots\" content=\"index, follow, max-snippet:-1, max-image-preview:large, max-video-preview:-1\" \/>\n<link rel=\"canonical\" href=\"https:\/\/netpc.ee\/en\/firmast\/\" \/>\n<meta property=\"og:locale\" content=\"en_GB\" \/>\n<meta property=\"og:type\" content=\"article\" \/>\n<meta property=\"og:title\" content=\"Firmast - Netpc O\u00dc\" \/>\n<meta property=\"og:description\" content=\"Firmast Meist NetPC O\u00dc on 2013. aastal asutatud Eesti kapitalil p\u00f5hinev ettev\u00f5te.Tegeleme IT-seadmete m\u00fc\u00fcgiga ja kliendi riistvara remondi ja hooldusega. Serverite seadistamisega ja hostinguga.NetPC tegevus suunatud peamiselt Eesti turule.NetPC kasutab oma teenuste osutamisel parimaid koost\u00f6\u00f6partnereid ja oma ala tippspetsialiste. M\u00f5ned numbrid Firma vanus 1 T\u00f6\u00f6s projektid 1 Valminud t\u00f6id 20 + Kliente 40 +\" \/>\n<meta property=\"og:url\" content=\"https:\/\/netpc.ee\/en\/firmast\/\" \/>\n<meta property=\"og:site_name\" content=\"Netpc O\u00dc\" \/>\n<meta property=\"article:modified_time\" content=\"2025-06-01T19:21:42+00:00\" \/>\n<meta property=\"og:image\" content=\"https:\/\/netpc.ee\/wp-content\/uploads\/2019\/11\/7-bg-134.jpg\" \/>\n\t<meta property=\"og:image:width\" content=\"1600\" \/>\n\t<meta property=\"og:image:height\" content=\"1000\" \/>\n\t<meta property=\"og:image:type\" content=\"image\/jpeg\" \/>\n<meta name=\"twitter:card\" content=\"summary_large_image\" \/>\n<meta name=\"twitter:label1\" content=\"Estimated reading time\" \/>\n\t<meta name=\"twitter:data1\" content=\"1 minute\" \/>\n<script type=\"application\/ld+json\" class=\"yoast-schema-graph\">{\"@context\":\"https:\\\/\\\/schema.org\",\"@graph\":[{\"@type\":\"WebPage\",\"@id\":\"https:\\\/\\\/netpc.ee\\\/firmast\\\/\",\"url\":\"https:\\\/\\\/netpc.ee\\\/firmast\\\/\",\"name\":\"Firmast - Netpc O\u00dc\",\"isPartOf\":{\"@id\":\"https:\\\/\\\/netpc.ee\\\/#website\"},\"primaryImageOfPage\":{\"@id\":\"https:\\\/\\\/netpc.ee\\\/firmast\\\/#primaryimage\"},\"image\":{\"@id\":\"https:\\\/\\\/netpc.ee\\\/firmast\\\/#primaryimage\"},\"thumbnailUrl\":\"https:\\\/\\\/netpc.ee\\\/wp-content\\\/uploads\\\/2019\\\/11\\\/7-bg-134.jpg\",\"datePublished\":\"2019-11-15T11:51:34+00:00\",\"dateModified\":\"2025-06-01T19:21:42+00:00\",\"breadcrumb\":{\"@id\":\"https:\\\/\\\/netpc.ee\\\/firmast\\\/#breadcrumb\"},\"inLanguage\":\"en-GB\",\"potentialAction\":[{\"@type\":\"ReadAction\",\"target\":[\"https:\\\/\\\/netpc.ee\\\/firmast\\\/\"]}]},{\"@type\":\"ImageObject\",\"inLanguage\":\"en-GB\",\"@id\":\"https:\\\/\\\/netpc.ee\\\/firmast\\\/#primaryimage\",\"url\":\"https:\\\/\\\/netpc.ee\\\/wp-content\\\/uploads\\\/2019\\\/11\\\/7-bg-134.jpg\",\"contentUrl\":\"https:\\\/\\\/netpc.ee\\\/wp-content\\\/uploads\\\/2019\\\/11\\\/7-bg-134.jpg\",\"width\":1600,\"height\":1000},{\"@type\":\"BreadcrumbList\",\"@id\":\"https:\\\/\\\/netpc.ee\\\/firmast\\\/#breadcrumb\",\"itemListElement\":[{\"@type\":\"ListItem\",\"position\":1,\"name\":\"Home\",\"item\":\"https:\\\/\\\/netpc.ee\\\/\"},{\"@type\":\"ListItem\",\"position\":2,\"name\":\"Firmast\"}]},{\"@type\":\"WebSite\",\"@id\":\"https:\\\/\\\/netpc.ee\\\/#website\",\"url\":\"https:\\\/\\\/netpc.ee\\\/\",\"name\":\"Netpc O\u00dc\",\"description\":\"\",\"publisher\":{\"@id\":\"https:\\\/\\\/netpc.ee\\\/#organization\"},\"potentialAction\":[{\"@type\":\"SearchAction\",\"target\":{\"@type\":\"EntryPoint\",\"urlTemplate\":\"https:\\\/\\\/netpc.ee\\\/?s={search_term_string}\"},\"query-input\":{\"@type\":\"PropertyValueSpecification\",\"valueRequired\":true,\"valueName\":\"search_term_string\"}}],\"inLanguage\":\"en-GB\"},{\"@type\":\"Organization\",\"@id\":\"https:\\\/\\\/netpc.ee\\\/#organization\",\"name\":\"Netpc O\u00dc\",\"url\":\"https:\\\/\\\/netpc.ee\\\/\",\"logo\":{\"@type\":\"ImageObject\",\"inLanguage\":\"en-GB\",\"@id\":\"https:\\\/\\\/netpc.ee\\\/#\\\/schema\\\/logo\\\/image\\\/\",\"url\":\"https:\\\/\\\/netpc.ee\\\/wp-content\\\/uploads\\\/2020\\\/05\\\/icon-2.png\",\"contentUrl\":\"https:\\\/\\\/netpc.ee\\\/wp-content\\\/uploads\\\/2020\\\/05\\\/icon-2.png\",\"width\":60,\"height\":63,\"caption\":\"Netpc O\u00dc\"},\"image\":{\"@id\":\"https:\\\/\\\/netpc.ee\\\/#\\\/schema\\\/logo\\\/image\\\/\"}}]}<\/script>\n<!-- \/ Yoast SEO plugin. -->","yoast_head_json":{"title":"Firmast - Netpc O\u00dc","robots":{"index":"index","follow":"follow","max-snippet":"max-snippet:-1","max-image-preview":"max-image-preview:large","max-video-preview":"max-video-preview:-1"},"canonical":"https:\/\/netpc.ee\/en\/firmast\/","og_locale":"en_GB","og_type":"article","og_title":"Firmast - Netpc O\u00dc","og_description":"Firmast Meist NetPC O\u00dc on 2013. aastal asutatud Eesti kapitalil p\u00f5hinev ettev\u00f5te.Tegeleme IT-seadmete m\u00fc\u00fcgiga ja kliendi riistvara remondi ja hooldusega. Serverite seadistamisega ja hostinguga.NetPC tegevus suunatud peamiselt Eesti turule.NetPC kasutab oma teenuste osutamisel parimaid koost\u00f6\u00f6partnereid ja oma ala tippspetsialiste. M\u00f5ned numbrid Firma vanus 1 T\u00f6\u00f6s projektid 1 Valminud t\u00f6id 20 + Kliente 40 +","og_url":"https:\/\/netpc.ee\/en\/firmast\/","og_site_name":"Netpc O\u00dc","article_modified_time":"2025-06-01T19:21:42+00:00","og_image":[{"width":1600,"height":1000,"url":"https:\/\/netpc.ee\/wp-content\/uploads\/2019\/11\/7-bg-134.jpg","type":"image\/jpeg"}],"twitter_card":"summary_large_image","twitter_misc":{"Estimated reading time":"1 minute"},"schema":{"@context":"https:\/\/schema.org","@graph":[{"@type":"WebPage","@id":"https:\/\/netpc.ee\/firmast\/","url":"https:\/\/netpc.ee\/firmast\/","name":"Firmast - Netpc O\u00dc","isPartOf":{"@id":"https:\/\/netpc.ee\/#website"},"primaryImageOfPage":{"@id":"https:\/\/netpc.ee\/firmast\/#primaryimage"},"image":{"@id":"https:\/\/netpc.ee\/firmast\/#primaryimage"},"thumbnailUrl":"https:\/\/netpc.ee\/wp-content\/uploads\/2019\/11\/7-bg-134.jpg","datePublished":"2019-11-15T11:51:34+00:00","dateModified":"2025-06-01T19:21:42+00:00","breadcrumb":{"@id":"https:\/\/netpc.ee\/firmast\/#breadcrumb"},"inLanguage":"en-GB","potentialAction":[{"@type":"ReadAction","target":["https:\/\/netpc.ee\/firmast\/"]}]},{"@type":"ImageObject","inLanguage":"en-GB","@id":"https:\/\/netpc.ee\/firmast\/#primaryimage","url":"https:\/\/netpc.ee\/wp-content\/uploads\/2019\/11\/7-bg-134.jpg","contentUrl":"https:\/\/netpc.ee\/wp-content\/uploads\/2019\/11\/7-bg-134.jpg","width":1600,"height":1000},{"@type":"BreadcrumbList","@id":"https:\/\/netpc.ee\/firmast\/#breadcrumb","itemListElement":[{"@type":"ListItem","position":1,"name":"Home","item":"https:\/\/netpc.ee\/"},{"@type":"ListItem","position":2,"name":"Firmast"}]},{"@type":"WebSite","@id":"https:\/\/netpc.ee\/#website","url":"https:\/\/netpc.ee\/","name":"Netpc O\u00dc","description":"","publisher":{"@id":"https:\/\/netpc.ee\/#organization"},"potentialAction":[{"@type":"SearchAction","target":{"@type":"EntryPoint","urlTemplate":"https:\/\/netpc.ee\/?s={search_term_string}"},"query-input":{"@type":"PropertyValueSpecification","valueRequired":true,"valueName":"search_term_string"}}],"inLanguage":"en-GB"},{"@type":"Organization","@id":"https:\/\/netpc.ee\/#organization","name":"Netpc O\u00dc","url":"https:\/\/netpc.ee\/","logo":{"@type":"ImageObject","inLanguage":"en-GB","@id":"https:\/\/netpc.ee\/#\/schema\/logo\/image\/","url":"https:\/\/netpc.ee\/wp-content\/uploads\/2020\/05\/icon-2.png","contentUrl":"https:\/\/netpc.ee\/wp-content\/uploads\/2020\/05\/icon-2.png","width":60,"height":63,"caption":"Netpc O\u00dc"},"image":{"@id":"https:\/\/netpc.ee\/#\/schema\/logo\/image\/"}}]}},"_links":{"self":[{"href":"https:\/\/netpc.ee\/en\/wp-json\/wp\/v2\/pages\/275","targetHints":{"allow":["GET"]}}],"collection":[{"href":"https:\/\/netpc.ee\/en\/wp-json\/wp\/v2\/pages"}],"about":[{"href":"https:\/\/netpc.ee\/en\/wp-json\/wp\/v2\/types\/page"}],"author":[{"embeddable":true,"href":"https:\/\/netpc.ee\/en\/wp-json\/wp\/v2\/users\/1"}],"replies":[{"embeddable":true,"href":"https:\/\/netpc.ee\/en\/wp-json\/wp\/v2\/comments?post=275"}],"version-history":[{"count":29,"href":"https:\/\/netpc.ee\/en\/wp-json\/wp\/v2\/pages\/275\/revisions"}],"predecessor-version":[{"id":3344,"href":"https:\/\/netpc.ee\/en\/wp-json\/wp\/v2\/pages\/275\/revisions\/3344"}],"wp:featuredmedia":[{"embeddable":true,"href":"https:\/\/netpc.ee\/en\/wp-json\/wp\/v2\/media\/19"}],"wp:attachment":[{"href":"https:\/\/netpc.ee\/en\/wp-json\/wp\/v2\/media?parent=275"}],"curies":[{"name":"wp","href":"https:\/\/api.w.org\/{rel}","templated":true}]}}