{"id":191,"date":"2019-11-14T13:04:53","date_gmt":"2019-11-14T13:04:53","guid":{"rendered":"https:\/\/the7.io\/elementor-starter\/?page_id=191"},"modified":"2020-12-05T18:42:07","modified_gmt":"2020-12-05T18:42:07","slug":"uudised","status":"publish","type":"page","link":"https:\/\/netpc.ee\/en\/uudised\/","title":{"rendered":"News"},"content":{"rendered":"<div data-elementor-type=\"wp-page\" data-elementor-id=\"191\" class=\"elementor elementor-191\">\n\t\t\t\t\t\t<section class=\"elementor-section elementor-top-section elementor-element elementor-element-69df813 elementor-section-stretched elementor-section-height-min-height elementor-section-content-middle elementor-section-boxed elementor-section-height-default elementor-section-items-middle\" data-id=\"69df813\" data-element_type=\"section\" data-e-type=\"section\" data-settings=\"{&quot;stretch_section&quot;:&quot;section-stretched&quot;,&quot;background_background&quot;:&quot;classic&quot;}\">\n\t\t\t\t\t\t\t<div class=\"elementor-background-overlay\"><\/div>\n\t\t\t\t\t\t\t<div class=\"elementor-container elementor-column-gap-default\">\n\t\t\t\t\t<div class=\"elementor-column elementor-col-100 elementor-top-column elementor-element elementor-element-c3a5f27\" data-id=\"c3a5f27\" data-element_type=\"column\" data-e-type=\"column\">\n\t\t\t<div class=\"elementor-widget-wrap elementor-element-populated\">\n\t\t\t\t\t\t<section class=\"elementor-section elementor-inner-section elementor-element elementor-element-15cd4d7 elementor-section-boxed elementor-section-height-default elementor-section-height-default\" data-id=\"15cd4d7\" data-element_type=\"section\" data-e-type=\"section\">\n\t\t\t\t\t\t<div class=\"elementor-container elementor-column-gap-wide\">\n\t\t\t\t\t<div class=\"elementor-column elementor-col-100 elementor-inner-column elementor-element elementor-element-610ec56\" data-id=\"610ec56\" data-element_type=\"column\" data-e-type=\"column\">\n\t\t\t<div class=\"elementor-widget-wrap elementor-element-populated\">\n\t\t\t\t\t\t<div class=\"elementor-element elementor-element-26cfcaa elementor-widget elementor-widget-heading\" data-id=\"26cfcaa\" data-element_type=\"widget\" data-e-type=\"widget\" data-widget_type=\"heading.default\">\n\t\t\t\t<div class=\"elementor-widget-container\">\n\t\t\t\t\t<h2 class=\"elementor-heading-title elementor-size-default\">News<\/h2>\t\t\t\t<\/div>\n\t\t\t\t<\/div>\n\t\t\t\t<div class=\"elementor-element elementor-element-4f01341 elementor-widget-divider--view-line elementor-widget elementor-widget-divider\" data-id=\"4f01341\" data-element_type=\"widget\" data-e-type=\"widget\" data-widget_type=\"divider.default\">\n\t\t\t\t<div class=\"elementor-widget-container\">\n\t\t\t\t\t\t\t<div class=\"elementor-divider\">\n\t\t\t<span class=\"elementor-divider-separator\">\n\t\t\t\t\t\t<\/span>\n\t\t<\/div>\n\t\t\t\t\t\t<\/div>\n\t\t\t\t<\/div>\n\t\t\t\t<div class=\"elementor-element elementor-element-3f8f9cfa elementor-widget elementor-widget-heading\" data-id=\"3f8f9cfa\" data-element_type=\"widget\" data-e-type=\"widget\" data-widget_type=\"heading.default\">\n\t\t\t\t<div class=\"elementor-widget-container\">\n\t\t\t\t\t<h4 class=\"elementor-heading-title elementor-size-default\">M\u00f5ned infokillud !<\/h4>\t\t\t\t<\/div>\n\t\t\t\t<\/div>\n\t\t\t\t\t<\/div>\n\t\t<\/div>\n\t\t\t\t\t<\/div>\n\t\t<\/section>\n\t\t\t\t\t<\/div>\n\t\t<\/div>\n\t\t\t\t\t<\/div>\n\t\t<\/section>\n\t\t\t\t<section class=\"elementor-section elementor-top-section elementor-element elementor-element-5180fdc3 elementor-section-stretched elementor-section-full_width elementor-section-height-default elementor-section-height-default\" data-id=\"5180fdc3\" data-element_type=\"section\" data-e-type=\"section\" data-settings=\"{&quot;stretch_section&quot;:&quot;section-stretched&quot;,&quot;background_background&quot;:&quot;classic&quot;}\">\n\t\t\t\t\t\t<div class=\"elementor-container elementor-column-gap-wider\">\n\t\t\t\t\t<div class=\"elementor-column elementor-col-100 elementor-top-column elementor-element elementor-element-70f8cb0a\" data-id=\"70f8cb0a\" data-element_type=\"column\" data-e-type=\"column\">\n\t\t\t<div class=\"elementor-widget-wrap elementor-element-populated\">\n\t\t\t\t\t\t<div class=\"elementor-element elementor-element-5f0a4bff preserve-img-ratio-cover elementor-widget elementor-widget-the7_elements\" data-id=\"5f0a4bff\" data-element_type=\"widget\" data-e-type=\"widget\" data-widget_type=\"the7_elements.default\">\n\t\t\t\t<div class=\"elementor-widget-container\">\n\t\t\t\t\t<div class=\"portfolio-shortcode the7-elementor-widget the7_elements-5f0a4bff mode-grid dt-css-grid-wrap classic-layout-list description-under-image content-bg-on resize-by-browser-width widget-with-filter loading-effect-none enable-pagination-scroll jquery-filter\" data-padding=\"30px\" data-mobile-columns-num=\"1\" data-tablet-columns-num=\"2\" data-desktop-columns-num=\"4\" data-wide-desktop-columns-num=\"4\" data-post-limit=\"8\" data-pagination-mode=\"pages\" data-scroll-offset=\"0\" aria-live=\"assertive\"><div class=\"iso-filter filter-decorations css-grid-filter filter filter-pointer-default show-filter-categories   filter-without-decoration\"><div class=\"filter-categories\" data-default-order=\"\" data-default-orderby=\"\"><a href=\"https:\/\/netpc.ee\/en\/uudised\/\" class=\"show-all filter-item act\" data-filter=\"*\" aria-label=\"Apply filter: View all\">View all<\/a><a href=\"https:\/\/netpc.ee\/en\/uudised\/?term=firmast\" class=\"filter-item firmast\" data-filter=\".category-2\" aria-label=\"Apply filter: Firmast\">Company<\/a><a href=\"https:\/\/netpc.ee\/en\/uudised\/?term=tarkvara\" class=\"filter-item tarkvara\" data-filter=\".category-4\" aria-label=\"Apply filter: Tarkvara\">Software<\/a><a href=\"https:\/\/netpc.ee\/en\/uudised\/?term=uudis\" class=\"filter-item uudis\" data-filter=\".category-12\" aria-label=\"Apply filter: Uudis\">Uudis<\/a><\/div><div class=\"filter-extras\"><div class=\"filter-by\"><a href=\"https:\/\/netpc.ee\/en\/uudised\/?orderby=date&#038;order=desc\" class=\"sort-by-date act\" data-by=\"date\"><svg version=\"1.1\" xmlns=\"http:\/\/www.w3.org\/2000\/svg\" xmlns:xlink=\"http:\/\/www.w3.org\/1999\/xlink\" x=\"0px\" y=\"0px\" viewbox=\"0 0 16 16\" style=\"enable-background:new 0 0 16 16;\" xml:space=\"preserve\"><path d=\"M11,6.5C11,6.2,11.2,6,11.5,6h1C12.8,6,13,6.2,13,6.5v1C13,7.8,12.8,8,12.5,8h-1C11.2,8,11,7.8,11,7.5V6.5z M8,6.5C8,6.2,8.2,6,8.5,6h1C9.8,6,10,6.2,10,6.5v1C10,7.8,9.8,8,9.5,8h-1C8.2,8,8,7.8,8,7.5V6.5z M3,9.5C3,9.2,3.2,9,3.5,9h1C4.8,9,5,9.2,5,9.5v1C5,10.8,4.8,11,4.5,11h-1C3.2,11,3,10.8,3,10.5V9.5z M6,9.5C6,9.2,6.2,9,6.5,9h1C7.8,9,8,9.2,8,9.5v1C8,10.8,7.8,11,7.5,11h-1C6.2,11,6,10.8,6,10.5V9.5z\"\/><path d=\"M3.5,0C3.8,0,4,0.2,4,0.5V1h8V0.5C12,0.2,12.2,0,12.5,0S13,0.2,13,0.5V1h1c1.1,0,2,0.9,2,2v11c0,1.1-0.9,2-2,2H2c-1.1,0-2-0.9-2-2V3c0-1.1,0.9-2,2-2h1V0.5C3,0.2,3.2,0,3.5,0z M1,4v10c0,0.6,0.4,1,1,1h12c0.6,0,1-0.4,1-1V4H1z\"\/><\/svg><span class=\"filter-popup\">Sort by date<\/span><\/a><span class=\"filter-switch\"><\/span><a href=\"https:\/\/netpc.ee\/en\/uudised\/?orderby=name&#038;order=desc\" class=\"sort-by-name\" data-by=\"name\"><svg version=\"1.1\" xmlns=\"http:\/\/www.w3.org\/2000\/svg\" xmlns:xlink=\"http:\/\/www.w3.org\/1999\/xlink\" x=\"0px\" y=\"0px\" viewbox=\"0 0 16 16\" style=\"enable-background:new 0 0 16 16;\" xml:space=\"preserve\"><path d=\"M2.2,13.1l0.9-2.8h3.5l0.9,2.8h1.3L5.5,3.8H4.3L1,13.1H2.2z M4.9,5.2l1.4,4.2H3.5L4.9,5.2C4.9,5.2,4.9,5.2,4.9,5.2z\"\/><g><path d=\"M10,12.4l2.8-3.6c0.3-0.3,0.5-0.6,0.8-1v0h-3.3V6.9h4.7l0,0.7l-2.7,3.6c-0.3,0.3-0.5,0.6-0.8,1v0H15v0.9h-5V12.4z\"\/><\/g><\/svg><span class=\"filter-popup\">Sort by name<\/span><\/a><\/div><div class=\"filter-sorting\"><a href=\"https:\/\/netpc.ee\/en\/uudised\/?orderby=date&#038;order=desc\" class=\"sort-by-desc act\" data-sort=\"desc\"><svg version=\"1.1\" xmlns=\"http:\/\/www.w3.org\/2000\/svg\" xmlns:xlink=\"http:\/\/www.w3.org\/1999\/xlink\" x=\"0px\" y=\"0px\"viewbox=\"0 0 16 16\" style=\"enable-background:new 0 0 16 16;\" xml:space=\"preserve\"><path d=\"M3.5,2.5C3.5,2.2,3.3,2,3,2S2.5,2.2,2.5,2.5v8.8l-1.1-1.1c-0.2-0.2-0.5-0.2-0.7,0s-0.2,0.5,0,0.7l0,0l2,2l0,0c0.2,0.2,0.5,0.2,0.7,0l2-2c0.2-0.2,0.2-0.5,0-0.7c-0.2-0.2-0.5-0.2-0.7,0l-1.1,1.1V2.5z M7,3.5C7,3.2,7.2,3,7.5,3h7C14.8,3,15,3.2,15,3.5S14.8,4,14.5,4h-7C7.2,4,7,3.8,7,3.5z M7.5,6C7.2,6,7,6.2,7,6.5S7.2,7,7.5,7h5C12.8,7,13,6.8,13,6.5S12.8,6,12.5,6H7.5z M7.5,9C7.2,9,7,9.2,7,9.5S7.2,10,7.5,10h3c0.3,0,0.5-0.2,0.5-0.5S10.8,9,10.5,9H7.5z M7.5,12C7.2,12,7,12.2,7,12.5S7.2,13,7.5,13h1C8.8,13,9,12.8,9,12.5S8.8,12,8.5,12H7.5z\"\/><\/svg><span class=\"filter-popup\">Descending<\/span><\/a><span class=\"filter-switch\"><\/span><a href=\"https:\/\/netpc.ee\/en\/uudised\/?orderby=date&#038;order=asc\" class=\"sort-by-asc\" data-sort=\"asc\"><svg version=\"1.1\" xmlns=\"http:\/\/www.w3.org\/2000\/svg\" xmlns:xlink=\"http:\/\/www.w3.org\/1999\/xlink\" x=\"0px\" y=\"0px\" viewbox=\"0 0 16 16\" style=\"enable-background:new 0 0 16 16;\" xml:space=\"preserve\"><path d=\"M3.5,12.5C3.5,12.8,3.3,13,3,13s-0.5-0.2-0.5-0.5V3.7L1.4,4.9C1.2,5,0.8,5,0.6,4.9s-0.2-0.5,0-0.7l2-2l0,0C2.8,2,3.2,2,3.4,2.1l2,2c0.2,0.2,0.2,0.5,0,0.7S4.8,5,4.6,4.9L3.5,3.7V12.5z M7,3.5C7,3.2,7.2,3,7.5,3h7C14.8,3,15,3.2,15,3.5S14.8,4,14.5,4h-7C7.2,4,7,3.8,7,3.5z M7.5,6C7.2,6,7,6.2,7,6.5S7.2,7,7.5,7h5C12.8,7,13,6.8,13,6.5S12.8,6,12.5,6H7.5z M7.5,9C7.2,9,7,9.2,7,9.5S7.2,10,7.5,10h3c0.3,0,0.5-0.2,0.5-0.5S10.8,9,10.5,9H7.5z M7.5,12C7.2,12,7,12.2,7,12.5S7.2,13,7.5,13h1C8.8,13,9,12.8,9,12.5S8.8,12,8.5,12H7.5z\"\/><\/svg><span class=\"filter-popup\">Ascending<\/span><\/a><\/div><\/div><\/div><div class=\"dt-css-grid custom-pagination-handler\"><div class=\"visible wf-cell category-2 category-4 category-12\" data-post-id=\"3377\" data-date=\"2025-11-04T23:05:27+02:00\" data-name=\"Tarkvara Win11Tweaker 2.0\"><article class=\"post visible post-3377 type-post status-publish format-standard has-post-thumbnail hentry category-firmast category-tarkvara category-uudis category-2 category-4 category-12 description-off\" data-name=\"Tarkvara Win11Tweaker 2.0\" data-date=\"2025-11-04T23:05:27+02:00\">\n\n\t<div class=\"post-thumbnail-wrap\">\n\t\t<div class=\"post-thumbnail\">\n\n\t\t\t<a class=\"post-thumbnail-rollover layzr-bg img-css-resize-wrapper\" aria-label=\"Post image\" href=\"https:\/\/netpc.ee\/en\/tarkvara-win11tweaker-2-0\/\"><img fetchpriority=\"high\" decoding=\"async\" width=\"613\" height=\"474\" src=\"data:image\/svg+xml,%3Csvg%20xmlns%3D&#039;http%3A%2F%2Fwww.w3.org%2F2000%2Fsvg&#039;%20viewBox%3D&#039;0%200%20613%20474&#039;%2F%3E\" class=\"attachment-full size-full preload-me aspect lazy lazy-load\" alt=\"\" sizes=\"(max-width: 613px) 100vw, 613px\" style=\"--ratio: 613 \/ 474;\" data-src=\"https:\/\/netpc.ee\/wp-content\/uploads\/2025\/11\/winn11tweaker.jpg\" loading=\"eager\" data-srcset=\"https:\/\/netpc.ee\/wp-content\/uploads\/2025\/11\/winn11tweaker.jpg 613w, https:\/\/netpc.ee\/wp-content\/uploads\/2025\/11\/winn11tweaker-300x232.jpg 300w, https:\/\/netpc.ee\/wp-content\/uploads\/2025\/11\/winn11tweaker-16x12.jpg 16w\" \/><span class=\"the7-hover-icon\"><i aria-hidden=\"true\" class=\"fas fa-plus\"><\/i><\/span><\/a>\n\t\t<\/div>\n\t<\/div>\n\n\n<div class=\"post-entry-content\">\n\n\t<h3 class=\"ele-entry-title\"><a href=\"https:\/\/netpc.ee\/en\/tarkvara-win11tweaker-2-0\/\" rel=\"bookmark\" title=\"Tarkvara Win11Tweaker 2.0\">Tarkvara Win11Tweaker 2.0<\/a><\/h3><div class=\"entry-meta\"><span class=\"meta-item category-link\"><a href=\"https:\/\/netpc.ee\/en\/category\/firmast\/\" rel=\"tag\">Company<\/a>, <a href=\"https:\/\/netpc.ee\/en\/category\/tarkvara\/\" rel=\"tag\">Software<\/a>, <a href=\"https:\/\/netpc.ee\/en\/category\/uudis\/\" rel=\"tag\">Uudis<\/a><\/span><a href=\"https:\/\/netpc.ee\/en\/2025\/11\/04\/\" title=\"11:05\" class=\"meta-item data-link\" rel=\"bookmark\"><time class=\"entry-date updated\" datetime=\"2025-11-04T23:05:27+02:00\">4. Nov 2025<\/time><\/a><\/div><div class=\"entry-excerpt\"><p>Tarkvara versioon 2.0 on ilmunud Meie tarkvara on j\u00f5udnud versioonini 2.0!Selle ajaga on kogunenud juba arvestatav hulk kasutajaid, kellele rakendus on aidanud muuta Windows 11 seadistamise veelgi mugavamaks ja kiiremaks. Uues versioonis on lisandunud ka eraldi tarkvaraleht, mis teeb tavatarkvara allalaadimise ja paigaldamise oluliselt lihtsamaks.<\/p>\n<\/div><a href=\"https:\/\/netpc.ee\/en\/tarkvara-win11tweaker-2-0\/\" target=\"\" aria-label=\"Read more about Tarkvara Win11Tweaker 2.0\" class=\"box-button elementor-button elementor-size-xs\">Read more<\/a>\n<\/div><\/article><\/div><div class=\"visible wf-cell category-2 category-12\" data-post-id=\"3245\" data-date=\"2024-02-17T20:13:54+02:00\" data-name=\"3D-printimise teenus\"><article class=\"post visible post-3245 type-post status-publish format-standard has-post-thumbnail hentry category-firmast category-uudis\" data-name=\"3D-printimise teenus\" data-date=\"2024-02-17T20:13:54+02:00\">\n\n\t<div class=\"post-thumbnail-wrap\">\n\t\t<div class=\"post-thumbnail\">\n\n\t\t\t<a class=\"post-thumbnail-rollover layzr-bg img-css-resize-wrapper\" aria-label=\"Post image\" href=\"https:\/\/netpc.ee\/en\/3dprint\/\"><img decoding=\"async\" width=\"1415\" height=\"1389\" src=\"data:image\/svg+xml,%3Csvg%20xmlns%3D&#039;http%3A%2F%2Fwww.w3.org%2F2000%2Fsvg&#039;%20viewBox%3D&#039;0%200%201415%201389&#039;%2F%3E\" class=\"attachment-full size-full preload-me aspect lazy lazy-load\" alt=\"\" sizes=\"(max-width: 1415px) 100vw, 1415px\" style=\"--ratio: 1415 \/ 1389;\" data-src=\"https:\/\/netpc.ee\/wp-content\/uploads\/2024\/01\/Bambu-Lab-X1-Carbon.png\" loading=\"eager\" data-srcset=\"https:\/\/netpc.ee\/wp-content\/uploads\/2024\/01\/Bambu-Lab-X1-Carbon.png 1415w, https:\/\/netpc.ee\/wp-content\/uploads\/2024\/01\/Bambu-Lab-X1-Carbon-300x294.png 300w, https:\/\/netpc.ee\/wp-content\/uploads\/2024\/01\/Bambu-Lab-X1-Carbon-1024x1005.png 1024w, https:\/\/netpc.ee\/wp-content\/uploads\/2024\/01\/Bambu-Lab-X1-Carbon-768x754.png 768w\" \/><span class=\"the7-hover-icon\"><i aria-hidden=\"true\" class=\"fas fa-plus\"><\/i><\/span><\/a>\n\t\t<\/div>\n\t<\/div>\n\n\n<div class=\"post-entry-content\">\n\n\t<h3 class=\"ele-entry-title\"><a href=\"https:\/\/netpc.ee\/en\/3dprint\/\" rel=\"bookmark\" title=\"3D Printing Service\">3D Printing Service<\/a><\/h3><div class=\"entry-meta\"><span class=\"meta-item category-link\"><a href=\"https:\/\/netpc.ee\/en\/category\/firmast\/\" rel=\"tag\">Company<\/a>, <a href=\"https:\/\/netpc.ee\/en\/category\/uudis\/\" rel=\"tag\">Uudis<\/a><\/span><a href=\"https:\/\/netpc.ee\/en\/2024\/02\/17\/\" title=\"08:13\" class=\"meta-item data-link\" rel=\"bookmark\"><time class=\"entry-date updated\" datetime=\"2024-02-17T20:13:54+02:00\">17. Feb 2024<\/time><\/a><\/div><div class=\"entry-excerpt\"><p>Netpc O\u00dc provides a high-end 3D printing service using X1-carbon 3D printers that enable multi-color and multi-material printing. They emphasize the quality of printing using LIDAR technology that provides up to 7 \u03bcm resolution. To use the service, you need to submit your 3D files in m3 f or STL format. More information and services can be found on their website: 3D-Printimine.eu.<\/p>\n<\/div><a href=\"https:\/\/netpc.ee\/en\/3dprint\/\" target=\"\" aria-label=\"Read more about 3D-printimise teenus\" class=\"box-button elementor-button elementor-size-xs\">Read more<\/a>\n<\/div><\/article><\/div><\/div><!-- iso-container|iso-grid --><div class=\"paginator filter-decorations filter-pointer-underline filter-animation-fade\" role=\"navigation\"><\/div><\/div>\t\t\t\t<\/div>\n\t\t\t\t<\/div>\n\t\t\t\t\t<\/div>\n\t\t<\/div>\n\t\t\t\t\t<\/div>\n\t\t<\/section>\n\t\t\t\t<\/div>","protected":false},"excerpt":{"rendered":"<p>Uudised M\u00f5ned infokillud ! J\u00e4rjesta kuup\u00e4eva j\u00e4rgiSorteeri nime j\u00e4rgiKahanevaltKasvavalt Uus koduleht Uudis13. mai 2020 Meie koduleht on saanud uue kuue ja uue v\u00e4limuse. Read more<\/p>","protected":false},"author":1,"featured_media":0,"parent":0,"menu_order":50,"comment_status":"closed","ping_status":"closed","template":"elementor_header_footer","meta":{"footnotes":""},"class_list":["post-191","page","type-page","status-publish","hentry"],"yoast_head":"<!-- This site is optimized with the Yoast SEO plugin v27.4 - https:\/\/yoast.com\/product\/yoast-seo-wordpress\/ -->\n<title>Uudised - Netpc O\u00dc<\/title>\n<meta name=\"robots\" content=\"index, follow, max-snippet:-1, max-image-preview:large, max-video-preview:-1\" \/>\n<link rel=\"canonical\" href=\"https:\/\/netpc.ee\/en\/uudised\/\" \/>\n<meta property=\"og:locale\" content=\"en_GB\" \/>\n<meta property=\"og:type\" content=\"article\" \/>\n<meta property=\"og:title\" content=\"Uudised - Netpc O\u00dc\" \/>\n<meta property=\"og:description\" content=\"Uudised M\u00f5ned infokillud ! J\u00e4rjesta kuup\u00e4eva j\u00e4rgiSorteeri nime j\u00e4rgiKahanevaltKasvavalt Uus koduleht Uudis13. mai 2020 Meie koduleht on saanud uue kuue ja uue v\u00e4limuse. Read more\" \/>\n<meta property=\"og:url\" content=\"https:\/\/netpc.ee\/en\/uudised\/\" \/>\n<meta property=\"og:site_name\" content=\"Netpc O\u00dc\" \/>\n<meta property=\"article:modified_time\" content=\"2020-12-05T18:42:07+00:00\" \/>\n<meta property=\"og:image\" content=\"https:\/\/netpc.ee\/wp-content\/uploads\/2020\/05\/code-scaled-768x576.jpg\" \/>\n<meta name=\"twitter:card\" content=\"summary_large_image\" \/>\n<script type=\"application\/ld+json\" class=\"yoast-schema-graph\">{\"@context\":\"https:\\\/\\\/schema.org\",\"@graph\":[{\"@type\":\"WebPage\",\"@id\":\"https:\\\/\\\/netpc.ee\\\/uudised\\\/\",\"url\":\"https:\\\/\\\/netpc.ee\\\/uudised\\\/\",\"name\":\"Uudised - Netpc O\u00dc\",\"isPartOf\":{\"@id\":\"https:\\\/\\\/netpc.ee\\\/#website\"},\"primaryImageOfPage\":{\"@id\":\"https:\\\/\\\/netpc.ee\\\/uudised\\\/#primaryimage\"},\"image\":{\"@id\":\"https:\\\/\\\/netpc.ee\\\/uudised\\\/#primaryimage\"},\"thumbnailUrl\":\"https:\\\/\\\/netpc.ee\\\/wp-content\\\/uploads\\\/2020\\\/05\\\/code-scaled-768x576.jpg\",\"datePublished\":\"2019-11-14T13:04:53+00:00\",\"dateModified\":\"2020-12-05T18:42:07+00:00\",\"breadcrumb\":{\"@id\":\"https:\\\/\\\/netpc.ee\\\/uudised\\\/#breadcrumb\"},\"inLanguage\":\"en-GB\",\"potentialAction\":[{\"@type\":\"ReadAction\",\"target\":[\"https:\\\/\\\/netpc.ee\\\/uudised\\\/\"]}]},{\"@type\":\"ImageObject\",\"inLanguage\":\"en-GB\",\"@id\":\"https:\\\/\\\/netpc.ee\\\/uudised\\\/#primaryimage\",\"url\":\"https:\\\/\\\/netpc.ee\\\/wp-content\\\/uploads\\\/2020\\\/05\\\/code-scaled-768x576.jpg\",\"contentUrl\":\"https:\\\/\\\/netpc.ee\\\/wp-content\\\/uploads\\\/2020\\\/05\\\/code-scaled-768x576.jpg\"},{\"@type\":\"BreadcrumbList\",\"@id\":\"https:\\\/\\\/netpc.ee\\\/uudised\\\/#breadcrumb\",\"itemListElement\":[{\"@type\":\"ListItem\",\"position\":1,\"name\":\"Home\",\"item\":\"https:\\\/\\\/netpc.ee\\\/\"},{\"@type\":\"ListItem\",\"position\":2,\"name\":\"Uudised\"}]},{\"@type\":\"WebSite\",\"@id\":\"https:\\\/\\\/netpc.ee\\\/#website\",\"url\":\"https:\\\/\\\/netpc.ee\\\/\",\"name\":\"Netpc O\u00dc\",\"description\":\"\",\"publisher\":{\"@id\":\"https:\\\/\\\/netpc.ee\\\/#organization\"},\"potentialAction\":[{\"@type\":\"SearchAction\",\"target\":{\"@type\":\"EntryPoint\",\"urlTemplate\":\"https:\\\/\\\/netpc.ee\\\/?s={search_term_string}\"},\"query-input\":{\"@type\":\"PropertyValueSpecification\",\"valueRequired\":true,\"valueName\":\"search_term_string\"}}],\"inLanguage\":\"en-GB\"},{\"@type\":\"Organization\",\"@id\":\"https:\\\/\\\/netpc.ee\\\/#organization\",\"name\":\"Netpc O\u00dc\",\"url\":\"https:\\\/\\\/netpc.ee\\\/\",\"logo\":{\"@type\":\"ImageObject\",\"inLanguage\":\"en-GB\",\"@id\":\"https:\\\/\\\/netpc.ee\\\/#\\\/schema\\\/logo\\\/image\\\/\",\"url\":\"https:\\\/\\\/netpc.ee\\\/wp-content\\\/uploads\\\/2020\\\/05\\\/icon-2.png\",\"contentUrl\":\"https:\\\/\\\/netpc.ee\\\/wp-content\\\/uploads\\\/2020\\\/05\\\/icon-2.png\",\"width\":60,\"height\":63,\"caption\":\"Netpc O\u00dc\"},\"image\":{\"@id\":\"https:\\\/\\\/netpc.ee\\\/#\\\/schema\\\/logo\\\/image\\\/\"}}]}<\/script>\n<!-- \/ Yoast SEO plugin. -->","yoast_head_json":{"title":"Uudised - Netpc O\u00dc","robots":{"index":"index","follow":"follow","max-snippet":"max-snippet:-1","max-image-preview":"max-image-preview:large","max-video-preview":"max-video-preview:-1"},"canonical":"https:\/\/netpc.ee\/en\/uudised\/","og_locale":"en_GB","og_type":"article","og_title":"Uudised - Netpc O\u00dc","og_description":"Uudised M\u00f5ned infokillud ! J\u00e4rjesta kuup\u00e4eva j\u00e4rgiSorteeri nime j\u00e4rgiKahanevaltKasvavalt Uus koduleht Uudis13. mai 2020 Meie koduleht on saanud uue kuue ja uue v\u00e4limuse. Read more","og_url":"https:\/\/netpc.ee\/en\/uudised\/","og_site_name":"Netpc O\u00dc","article_modified_time":"2020-12-05T18:42:07+00:00","og_image":[{"url":"https:\/\/netpc.ee\/wp-content\/uploads\/2020\/05\/code-scaled-768x576.jpg","type":"","width":"","height":""}],"twitter_card":"summary_large_image","schema":{"@context":"https:\/\/schema.org","@graph":[{"@type":"WebPage","@id":"https:\/\/netpc.ee\/uudised\/","url":"https:\/\/netpc.ee\/uudised\/","name":"Uudised - Netpc O\u00dc","isPartOf":{"@id":"https:\/\/netpc.ee\/#website"},"primaryImageOfPage":{"@id":"https:\/\/netpc.ee\/uudised\/#primaryimage"},"image":{"@id":"https:\/\/netpc.ee\/uudised\/#primaryimage"},"thumbnailUrl":"https:\/\/netpc.ee\/wp-content\/uploads\/2020\/05\/code-scaled-768x576.jpg","datePublished":"2019-11-14T13:04:53+00:00","dateModified":"2020-12-05T18:42:07+00:00","breadcrumb":{"@id":"https:\/\/netpc.ee\/uudised\/#breadcrumb"},"inLanguage":"en-GB","potentialAction":[{"@type":"ReadAction","target":["https:\/\/netpc.ee\/uudised\/"]}]},{"@type":"ImageObject","inLanguage":"en-GB","@id":"https:\/\/netpc.ee\/uudised\/#primaryimage","url":"https:\/\/netpc.ee\/wp-content\/uploads\/2020\/05\/code-scaled-768x576.jpg","contentUrl":"https:\/\/netpc.ee\/wp-content\/uploads\/2020\/05\/code-scaled-768x576.jpg"},{"@type":"BreadcrumbList","@id":"https:\/\/netpc.ee\/uudised\/#breadcrumb","itemListElement":[{"@type":"ListItem","position":1,"name":"Home","item":"https:\/\/netpc.ee\/"},{"@type":"ListItem","position":2,"name":"Uudised"}]},{"@type":"WebSite","@id":"https:\/\/netpc.ee\/#website","url":"https:\/\/netpc.ee\/","name":"Netpc O\u00dc","description":"","publisher":{"@id":"https:\/\/netpc.ee\/#organization"},"potentialAction":[{"@type":"SearchAction","target":{"@type":"EntryPoint","urlTemplate":"https:\/\/netpc.ee\/?s={search_term_string}"},"query-input":{"@type":"PropertyValueSpecification","valueRequired":true,"valueName":"search_term_string"}}],"inLanguage":"en-GB"},{"@type":"Organization","@id":"https:\/\/netpc.ee\/#organization","name":"Netpc O\u00dc","url":"https:\/\/netpc.ee\/","logo":{"@type":"ImageObject","inLanguage":"en-GB","@id":"https:\/\/netpc.ee\/#\/schema\/logo\/image\/","url":"https:\/\/netpc.ee\/wp-content\/uploads\/2020\/05\/icon-2.png","contentUrl":"https:\/\/netpc.ee\/wp-content\/uploads\/2020\/05\/icon-2.png","width":60,"height":63,"caption":"Netpc O\u00dc"},"image":{"@id":"https:\/\/netpc.ee\/#\/schema\/logo\/image\/"}}]}},"_links":{"self":[{"href":"https:\/\/netpc.ee\/en\/wp-json\/wp\/v2\/pages\/191","targetHints":{"allow":["GET"]}}],"collection":[{"href":"https:\/\/netpc.ee\/en\/wp-json\/wp\/v2\/pages"}],"about":[{"href":"https:\/\/netpc.ee\/en\/wp-json\/wp\/v2\/types\/page"}],"author":[{"embeddable":true,"href":"https:\/\/netpc.ee\/en\/wp-json\/wp\/v2\/users\/1"}],"replies":[{"embeddable":true,"href":"https:\/\/netpc.ee\/en\/wp-json\/wp\/v2\/comments?post=191"}],"version-history":[{"count":11,"href":"https:\/\/netpc.ee\/en\/wp-json\/wp\/v2\/pages\/191\/revisions"}],"predecessor-version":[{"id":2961,"href":"https:\/\/netpc.ee\/en\/wp-json\/wp\/v2\/pages\/191\/revisions\/2961"}],"wp:attachment":[{"href":"https:\/\/netpc.ee\/en\/wp-json\/wp\/v2\/media?parent=191"}],"curies":[{"name":"wp","href":"https:\/\/api.w.org\/{rel}","templated":true}]}}