{"id":189,"date":"2019-11-14T12:59:33","date_gmt":"2019-11-14T12:59:33","guid":{"rendered":"https:\/\/the7.io\/elementor-starter\/?page_id=189"},"modified":"2020-05-16T19:51:32","modified_gmt":"2020-05-16T19:51:32","slug":"tood","status":"publish","type":"page","link":"https:\/\/netpc.ee\/en\/tood\/","title":{"rendered":"Made work"},"content":{"rendered":"<h2>Made work<\/h2>\n<p><a href=\"https:\/\/netpc.ee\/en\/project\/maecenas-sit-amet\/?term=\" data-filter=\"*\">Vaata k\u00f5iki<\/a><a href=\"https:\/\/netpc.ee\/en\/project\/maecenas-sit-amet\/?term=6\" data-filter=\".category-6\">Branding<\/a><a href=\"https:\/\/netpc.ee\/en\/project\/maecenas-sit-amet\/?term=7\" data-filter=\".category-7\">Design<\/a><a href=\"https:\/\/netpc.ee\/en\/project\/maecenas-sit-amet\/?term=8\" data-filter=\".category-8\">Marketing<\/a><a href=\"https:\/\/netpc.ee\/en\/project\/maecenas-sit-amet\/?term=10\" data-filter=\".category-10\">Photography<\/a><a href=\"https:\/\/netpc.ee\/en\/project\/maecenas-sit-amet\/?orderby=date&amp;order=desc\" data-by=\"date\">J\u00e4rjesta kuup\u00e4eva j\u00e4rgi<\/a><a href=\"https:\/\/netpc.ee\/en\/project\/maecenas-sit-amet\/?orderby=name&amp;order=desc\" data-by=\"name\">Sorteeri nime j\u00e4rgi<\/a><a href=\"https:\/\/netpc.ee\/en\/project\/maecenas-sit-amet\/?orderby=date&amp;order=DESC\" data-sort=\"desc\">Kahanevalt<\/a><a href=\"https:\/\/netpc.ee\/en\/project\/maecenas-sit-amet\/?orderby=date&amp;order=ASC\" data-sort=\"asc\">Kasvavalt<\/a><\/p>\n<article data-name=\"Fusce eget arcu\" data-date=\"2019-11-20T19:57:13+00:00\"><a href=\"https:\/\/netpc.ee\/en\/project\/fusce-eget-arcu\/\" target=\"\" rel=\"noopener noreferrer\" aria-label=\"Postita pilt\"><img title=\"7-p-096\" alt=\"\" width=\"768\" height=\"768\" data-src=\"https:\/\/netpc.ee\/wp-content\/uploads\/2019\/11\/7-p-096-768x768.jpg\" data-srcset=\"https:\/\/netpc.ee\/wp-content\/uploads\/2019\/11\/7-p-096-768x768.jpg 768w, https:\/\/netpc.ee\/wp-content\/uploads\/2019\/11\/7-p-096-950x950.jpg 950w\" \/><\/a><\/p>\n<h3><a title=\"Fusce eget arcu\" href=\"https:\/\/netpc.ee\/en\/project\/fusce-eget-arcu\/\" rel=\"bookmark\">Fusce eget arcu<\/a><\/h3>\n<p><a href=\"https:\/\/netpc.ee\/en\/project-category\/design\/\">Design<\/a><\/p>\n<\/article>\n<article data-name=\"Fusce varius\" data-date=\"2019-11-14T15:00:59+00:00\"><a href=\"https:\/\/netpc.ee\/en\/project\/fusce-varius\/\" target=\"\" rel=\"noopener noreferrer\" aria-label=\"Postita pilt\"><img title=\"p-102-2\" alt=\"\" width=\"768\" height=\"768\" data-src=\"https:\/\/netpc.ee\/wp-content\/uploads\/2019\/11\/p-102-2-768x768.jpg\" data-srcset=\"https:\/\/netpc.ee\/wp-content\/uploads\/2019\/11\/p-102-2-768x768.jpg 768w, https:\/\/netpc.ee\/wp-content\/uploads\/2019\/11\/p-102-2-1000x1000.jpg 1000w\" \/><\/a><\/p>\n<h3><a title=\"Fusce varius\" href=\"https:\/\/netpc.ee\/en\/project\/fusce-varius\/\" rel=\"bookmark\">Fusce varius<\/a><\/h3>\n<p><a href=\"https:\/\/netpc.ee\/en\/project-category\/branding\/\">Branding<\/a><\/p>\n<\/article>\n<article data-name=\"Maecenas feugiat\" data-date=\"2019-11-14T15:00:27+00:00\"><a href=\"https:\/\/netpc.ee\/en\/project\/maecenas-feugiat\/\" target=\"\" rel=\"noopener noreferrer\" aria-label=\"Postita pilt\"><img title=\"p-119\" alt=\"\" width=\"768\" height=\"768\" data-src=\"https:\/\/netpc.ee\/wp-content\/uploads\/2019\/11\/p-119-768x768.jpg\" data-srcset=\"https:\/\/netpc.ee\/wp-content\/uploads\/2019\/11\/p-119-768x768.jpg 768w, https:\/\/netpc.ee\/wp-content\/uploads\/2019\/11\/p-119-950x950.jpg 950w\" \/><\/a><\/p>\n<h3><a title=\"Maecenas feugiat\" href=\"https:\/\/netpc.ee\/en\/project\/maecenas-feugiat\/\" rel=\"bookmark\">Maecenas feugiat<\/a><\/h3>\n<p><a href=\"https:\/\/netpc.ee\/en\/project-category\/design\/\">Design<\/a><\/p>\n<\/article>\n<article data-name=\"Nulla dolor lorem\" data-date=\"2019-11-14T14:59:46+00:00\"><a href=\"https:\/\/netpc.ee\/en\/project\/nulla-dolor-lorem\/\" target=\"\" rel=\"noopener noreferrer\" aria-label=\"Postita pilt\"><img title=\"p-109\" alt=\"\" width=\"768\" height=\"768\" data-src=\"https:\/\/netpc.ee\/wp-content\/uploads\/2019\/11\/p-109-768x768.jpg\" data-srcset=\"https:\/\/netpc.ee\/wp-content\/uploads\/2019\/11\/p-109-768x768.jpg 768w, https:\/\/netpc.ee\/wp-content\/uploads\/2019\/11\/p-109-1152x1152.jpg 1152w\" \/><\/a><\/p>\n<h3><a title=\"Nulla dolor lorem\" href=\"https:\/\/netpc.ee\/en\/project\/nulla-dolor-lorem\/\" rel=\"bookmark\">Nulla dolor lorem<\/a><\/h3>\n<p><a href=\"https:\/\/netpc.ee\/en\/project-category\/marketing\/\">Marketing<\/a><\/p>\n<\/article>\n<article data-name=\"Quisque porttitor\" data-date=\"2019-11-12T19:55:55+00:00\"><a href=\"https:\/\/netpc.ee\/en\/project\/quisque-porttitor\/\" target=\"\" rel=\"noopener noreferrer\" aria-label=\"Postita pilt\"><img title=\"p-201\" alt=\"\" width=\"768\" height=\"768\" data-src=\"https:\/\/netpc.ee\/wp-content\/uploads\/2019\/11\/p-201-768x768.jpg\" data-srcset=\"https:\/\/netpc.ee\/wp-content\/uploads\/2019\/11\/p-201-768x768.jpg 768w, https:\/\/netpc.ee\/wp-content\/uploads\/2019\/11\/p-201-1100x1100.jpg 1100w\" \/><\/a><\/p>\n<h3><a title=\"Quisque porttitor\" href=\"https:\/\/netpc.ee\/en\/project\/quisque-porttitor\/\" rel=\"bookmark\">Quisque porttitor<\/a><\/h3>\n<p><a href=\"https:\/\/netpc.ee\/en\/project-category\/branding\/\">Branding<\/a>, <a href=\"https:\/\/netpc.ee\/en\/project-category\/design\/\">Design<\/a><\/p>\n<\/article>\n<article data-name=\"Curabitur pellen tesque\" data-date=\"2019-11-12T17:50:06+00:00\"><a href=\"https:\/\/netpc.ee\/en\/project\/curabitur-pellen-tesque\/\" target=\"\" rel=\"noopener noreferrer\" aria-label=\"Postita pilt\"><img title=\"p-211-1\" alt=\"\" width=\"768\" height=\"768\" data-src=\"https:\/\/netpc.ee\/wp-content\/uploads\/2019\/11\/p-211-1-768x768.jpg\" data-srcset=\"https:\/\/netpc.ee\/wp-content\/uploads\/2019\/11\/p-211-1-768x768.jpg 768w, https:\/\/netpc.ee\/wp-content\/uploads\/2019\/11\/p-211-1-1152x1152.jpg 1152w\" \/><\/a><\/p>\n<h3><a title=\"Curabitur pellen tesque\" href=\"https:\/\/netpc.ee\/en\/project\/curabitur-pellen-tesque\/\" rel=\"bookmark\">Curabitur pellen tesque<\/a><\/h3>\n<p><a href=\"https:\/\/netpc.ee\/en\/project-category\/marketing\/\">Marketing<\/a>, <a href=\"https:\/\/netpc.ee\/en\/project-category\/photography\/\">Photography<\/a><\/p>\n<\/article>\n<article data-name=\"Etiam id justo\" data-date=\"2019-11-12T17:48:25+00:00\"><a href=\"https:\/\/netpc.ee\/en\/project\/etiam-id-justo\/\" target=\"\" rel=\"noopener noreferrer\" aria-label=\"Postita pilt\"><img title=\"p-305\" alt=\"\" width=\"768\" height=\"768\" data-src=\"https:\/\/netpc.ee\/wp-content\/uploads\/2019\/11\/p-305-768x768.jpg\" data-srcset=\"https:\/\/netpc.ee\/wp-content\/uploads\/2019\/11\/p-305-768x768.jpg 768w, https:\/\/netpc.ee\/wp-content\/uploads\/2019\/11\/p-305-950x950.jpg 950w\" \/><\/a><\/p>\n<h3><a title=\"Etiam id justo\" href=\"https:\/\/netpc.ee\/en\/project\/etiam-id-justo\/\" rel=\"bookmark\">Etiam id justo<\/a><\/h3>\n<p><a href=\"https:\/\/netpc.ee\/en\/project-category\/branding\/\">Branding<\/a>, <a href=\"https:\/\/netpc.ee\/en\/project-category\/marketing\/\">Marketing<\/a>, <a href=\"https:\/\/netpc.ee\/en\/project-category\/photography\/\">Photography<\/a><\/p>\n<\/article>\n<article data-name=\"Glavrida nulla amen\" data-date=\"2019-11-12T17:47:50+00:00\"><a href=\"https:\/\/netpc.ee\/en\/project\/glavrida-nulla-amen\/\" target=\"\" rel=\"noopener noreferrer\" aria-label=\"Postita pilt\"><img title=\"p-301-1\" alt=\"\" width=\"768\" height=\"768\" data-src=\"https:\/\/netpc.ee\/wp-content\/uploads\/2019\/11\/p-301-1-768x768.jpg\" data-srcset=\"https:\/\/netpc.ee\/wp-content\/uploads\/2019\/11\/p-301-1-768x768.jpg 768w, https:\/\/netpc.ee\/wp-content\/uploads\/2019\/11\/p-301-1-950x950.jpg 950w\" \/><\/a><\/p>\n<h3><a title=\"Glavrida nulla amen\" href=\"https:\/\/netpc.ee\/en\/project\/glavrida-nulla-amen\/\" rel=\"bookmark\">Glavrida nulla amen<\/a><\/h3>\n<p><a href=\"https:\/\/netpc.ee\/en\/project-category\/branding\/\">Branding<\/a>, <a href=\"https:\/\/netpc.ee\/en\/project-category\/marketing\/\">Marketing<\/a>, <a href=\"https:\/\/netpc.ee\/en\/project-category\/photography\/\">Photography<\/a><\/p>\n<\/article>\n<article data-name=\"Lorem ipsum dolor\" data-date=\"2019-11-12T17:45:21+00:00\"><a href=\"https:\/\/netpc.ee\/en\/project\/lorem-ipsum-dolor\/\" target=\"\" rel=\"noopener noreferrer\" aria-label=\"Postita pilt\"><img title=\"p-210-1\" alt=\"\" width=\"768\" height=\"768\" data-src=\"https:\/\/netpc.ee\/wp-content\/uploads\/2019\/11\/p-210-1-768x768.jpg\" data-srcset=\"https:\/\/netpc.ee\/wp-content\/uploads\/2019\/11\/p-210-1-768x768.jpg 768w, https:\/\/netpc.ee\/wp-content\/uploads\/2019\/11\/p-210-1-1100x1100.jpg 1100w\" \/><\/a><\/p>\n<h3><a title=\"Lorem ipsum dolor\" href=\"https:\/\/netpc.ee\/en\/project\/lorem-ipsum-dolor\/\" rel=\"bookmark\">Lorem ipsum dolor<\/a><\/h3>\n<p><a href=\"https:\/\/netpc.ee\/en\/project-category\/marketing\/\">Marketing<\/a>, <a href=\"https:\/\/netpc.ee\/en\/project-category\/photography\/\">Photography<\/a><\/p>\n<\/article>\n<article data-name=\"Phasellus fermentum pretium\" data-date=\"2019-11-08T15:30:28+00:00\"><a href=\"https:\/\/netpc.ee\/en\/project\/phasellus-fermentum-pretium\/\" target=\"\" rel=\"noopener noreferrer\" aria-label=\"Postita pilt\"><img title=\"7-bg-127\" alt=\"\" width=\"768\" height=\"768\" data-src=\"https:\/\/netpc.ee\/wp-content\/uploads\/2019\/11\/7-bg-127-768x768.jpg\" data-srcset=\"https:\/\/netpc.ee\/wp-content\/uploads\/2019\/11\/7-bg-127-768x768.jpg 768w, https:\/\/netpc.ee\/wp-content\/uploads\/2019\/11\/7-bg-127-1152x1152.jpg 1152w\" \/><\/a><\/p>\n<h3><a title=\"Phasellus fermentum pretium\" href=\"https:\/\/netpc.ee\/en\/project\/phasellus-fermentum-pretium\/\" rel=\"bookmark\">Phasellus fermentum pretium<\/a><\/h3>\n<p><a href=\"https:\/\/netpc.ee\/en\/project-category\/photography\/\">Photography<\/a><\/p>\n<\/article>\n<article data-name=\"Nullam tellus\" data-date=\"2019-11-03T17:48:55+00:00\"><a href=\"https:\/\/netpc.ee\/en\/project\/nullam-tellus\/\" target=\"\" rel=\"noopener noreferrer\" aria-label=\"Postita pilt\"><img title=\"p-213-1\" alt=\"\" width=\"768\" height=\"768\" data-src=\"https:\/\/netpc.ee\/wp-content\/uploads\/2019\/11\/p-213-1-768x768.jpg\" data-srcset=\"https:\/\/netpc.ee\/wp-content\/uploads\/2019\/11\/p-213-1-768x768.jpg 768w, https:\/\/netpc.ee\/wp-content\/uploads\/2019\/11\/p-213-1-1100x1100.jpg 1100w\" \/><\/a><\/p>\n<h3><a title=\"Nullam tellus\" href=\"https:\/\/netpc.ee\/en\/project\/nullam-tellus\/\" rel=\"bookmark\">Nullam tellus<\/a><\/h3>\n<p><a href=\"https:\/\/netpc.ee\/en\/project-category\/marketing\/\">Marketing<\/a>, <a href=\"https:\/\/netpc.ee\/en\/project-category\/photography\/\">Photography<\/a><\/p>\n<\/article>\n<article data-name=\"Maecenas sit amet\" data-date=\"2019-10-12T17:49:30+00:00\"><a href=\"https:\/\/netpc.ee\/en\/project\/maecenas-sit-amet\/\" target=\"\" rel=\"noopener noreferrer\" aria-label=\"Postita pilt\"><img title=\"p-216-1\" alt=\"\" width=\"768\" height=\"768\" data-src=\"https:\/\/netpc.ee\/wp-content\/uploads\/2019\/11\/p-216-1-768x768.jpg\" data-srcset=\"https:\/\/netpc.ee\/wp-content\/uploads\/2019\/11\/p-216-1-768x768.jpg 768w, https:\/\/netpc.ee\/wp-content\/uploads\/2019\/11\/p-216-1-1100x1100.jpg 1100w\" \/><\/a><\/p>\n<h3><a title=\"Maecenas sit amet\" href=\"https:\/\/netpc.ee\/en\/project\/maecenas-sit-amet\/\" rel=\"bookmark\">Maecenas sit amet<\/a><\/h3>\n<p><a href=\"https:\/\/netpc.ee\/en\/project-category\/branding\/\">Branding<\/a>, <a href=\"https:\/\/netpc.ee\/en\/project-category\/marketing\/\">Marketing<\/a>, <a href=\"https:\/\/netpc.ee\/en\/project-category\/photography\/\">Photography<\/a><\/p>\n<\/article>\n<p><!-- iso-container|iso-grid --><br \/>\n<a data-dt-page=\"1\">Lae rohkem<\/a><\/p>","protected":false},"excerpt":{"rendered":"<p>Tehtud t\u00f6\u00f6d Vaata k\u00f5ikiBrandingDesignMarketingPhotographyJ\u00e4rjesta kuup\u00e4eva j\u00e4rgiSorteeri nime j\u00e4rgiKahanevaltKasvavalt Fusce eget arcu Design Fusce varius Branding Maecenas feugiat Design Nulla dolor lorem Marketing Quisque porttitor Branding, Design Curabitur pellen tesque Marketing, Photography Etiam id justo Branding, Marketing, Photography Glavrida nulla amen Branding, Marketing, Photography Lorem ipsum dolor Marketing, Photography Phasellus fermentum pretium Photography Nullam tellus Marketing,&hellip;<\/p>","protected":false},"author":1,"featured_media":25,"parent":0,"menu_order":40,"comment_status":"closed","ping_status":"closed","template":"elementor_header_footer","meta":{"footnotes":""},"class_list":["post-189","page","type-page","status-publish","has-post-thumbnail","hentry","description-off"],"yoast_head":"<!-- This site is optimized with the Yoast SEO plugin v27.4 - https:\/\/yoast.com\/product\/yoast-seo-wordpress\/ -->\n<title>Tehtud t\u00f6\u00f6d - Netpc O\u00dc<\/title>\n<meta name=\"robots\" content=\"index, follow, max-snippet:-1, max-image-preview:large, max-video-preview:-1\" \/>\n<link rel=\"canonical\" href=\"https:\/\/netpc.ee\/en\/tood\/\" \/>\n<meta property=\"og:locale\" content=\"en_GB\" \/>\n<meta property=\"og:type\" content=\"article\" \/>\n<meta property=\"og:title\" content=\"Tehtud t\u00f6\u00f6d - Netpc O\u00dc\" \/>\n<meta property=\"og:description\" content=\"Tehtud t\u00f6\u00f6d Vaata k\u00f5ikiBrandingDesignMarketingPhotographyJ\u00e4rjesta kuup\u00e4eva j\u00e4rgiSorteeri nime j\u00e4rgiKahanevaltKasvavalt Fusce eget arcu Design Fusce varius Branding Maecenas feugiat Design Nulla dolor lorem Marketing Quisque porttitor Branding, Design Curabitur pellen tesque Marketing, Photography Etiam id justo Branding, Marketing, Photography Glavrida nulla amen Branding, Marketing, Photography Lorem ipsum dolor Marketing, Photography Phasellus fermentum pretium Photography Nullam tellus Marketing,&hellip;\" \/>\n<meta property=\"og:url\" content=\"https:\/\/netpc.ee\/en\/tood\/\" \/>\n<meta property=\"og:site_name\" content=\"Netpc O\u00dc\" \/>\n<meta property=\"article:modified_time\" content=\"2020-05-16T19:51:32+00:00\" \/>\n<meta property=\"og:image\" content=\"https:\/\/netpc.ee\/wp-content\/uploads\/2019\/11\/7-bg-122.jpg\" \/>\n\t<meta property=\"og:image:width\" content=\"1500\" \/>\n\t<meta property=\"og:image:height\" content=\"1000\" \/>\n\t<meta property=\"og:image:type\" content=\"image\/jpeg\" \/>\n<meta name=\"twitter:card\" content=\"summary_large_image\" \/>\n<script type=\"application\/ld+json\" class=\"yoast-schema-graph\">{\"@context\":\"https:\\\/\\\/schema.org\",\"@graph\":[{\"@type\":\"WebPage\",\"@id\":\"https:\\\/\\\/netpc.ee\\\/tood\\\/\",\"url\":\"https:\\\/\\\/netpc.ee\\\/tood\\\/\",\"name\":\"Tehtud t\u00f6\u00f6d - Netpc O\u00dc\",\"isPartOf\":{\"@id\":\"https:\\\/\\\/netpc.ee\\\/#website\"},\"primaryImageOfPage\":{\"@id\":\"https:\\\/\\\/netpc.ee\\\/tood\\\/#primaryimage\"},\"image\":{\"@id\":\"https:\\\/\\\/netpc.ee\\\/tood\\\/#primaryimage\"},\"thumbnailUrl\":\"https:\\\/\\\/netpc.ee\\\/wp-content\\\/uploads\\\/2019\\\/11\\\/7-bg-122.jpg\",\"datePublished\":\"2019-11-14T12:59:33+00:00\",\"dateModified\":\"2020-05-16T19:51:32+00:00\",\"breadcrumb\":{\"@id\":\"https:\\\/\\\/netpc.ee\\\/tood\\\/#breadcrumb\"},\"inLanguage\":\"en-GB\",\"potentialAction\":[{\"@type\":\"ReadAction\",\"target\":[\"https:\\\/\\\/netpc.ee\\\/tood\\\/\"]}]},{\"@type\":\"ImageObject\",\"inLanguage\":\"en-GB\",\"@id\":\"https:\\\/\\\/netpc.ee\\\/tood\\\/#primaryimage\",\"url\":\"https:\\\/\\\/netpc.ee\\\/wp-content\\\/uploads\\\/2019\\\/11\\\/7-bg-122.jpg\",\"contentUrl\":\"https:\\\/\\\/netpc.ee\\\/wp-content\\\/uploads\\\/2019\\\/11\\\/7-bg-122.jpg\",\"width\":1500,\"height\":1000},{\"@type\":\"BreadcrumbList\",\"@id\":\"https:\\\/\\\/netpc.ee\\\/tood\\\/#breadcrumb\",\"itemListElement\":[{\"@type\":\"ListItem\",\"position\":1,\"name\":\"Home\",\"item\":\"https:\\\/\\\/netpc.ee\\\/\"},{\"@type\":\"ListItem\",\"position\":2,\"name\":\"Tehtud t\u00f6\u00f6d\"}]},{\"@type\":\"WebSite\",\"@id\":\"https:\\\/\\\/netpc.ee\\\/#website\",\"url\":\"https:\\\/\\\/netpc.ee\\\/\",\"name\":\"Netpc O\u00dc\",\"description\":\"\",\"publisher\":{\"@id\":\"https:\\\/\\\/netpc.ee\\\/#organization\"},\"potentialAction\":[{\"@type\":\"SearchAction\",\"target\":{\"@type\":\"EntryPoint\",\"urlTemplate\":\"https:\\\/\\\/netpc.ee\\\/?s={search_term_string}\"},\"query-input\":{\"@type\":\"PropertyValueSpecification\",\"valueRequired\":true,\"valueName\":\"search_term_string\"}}],\"inLanguage\":\"en-GB\"},{\"@type\":\"Organization\",\"@id\":\"https:\\\/\\\/netpc.ee\\\/#organization\",\"name\":\"Netpc O\u00dc\",\"url\":\"https:\\\/\\\/netpc.ee\\\/\",\"logo\":{\"@type\":\"ImageObject\",\"inLanguage\":\"en-GB\",\"@id\":\"https:\\\/\\\/netpc.ee\\\/#\\\/schema\\\/logo\\\/image\\\/\",\"url\":\"https:\\\/\\\/netpc.ee\\\/wp-content\\\/uploads\\\/2020\\\/05\\\/icon-2.png\",\"contentUrl\":\"https:\\\/\\\/netpc.ee\\\/wp-content\\\/uploads\\\/2020\\\/05\\\/icon-2.png\",\"width\":60,\"height\":63,\"caption\":\"Netpc O\u00dc\"},\"image\":{\"@id\":\"https:\\\/\\\/netpc.ee\\\/#\\\/schema\\\/logo\\\/image\\\/\"}}]}<\/script>\n<!-- \/ Yoast SEO plugin. -->","yoast_head_json":{"title":"Tehtud t\u00f6\u00f6d - Netpc O\u00dc","robots":{"index":"index","follow":"follow","max-snippet":"max-snippet:-1","max-image-preview":"max-image-preview:large","max-video-preview":"max-video-preview:-1"},"canonical":"https:\/\/netpc.ee\/en\/tood\/","og_locale":"en_GB","og_type":"article","og_title":"Tehtud t\u00f6\u00f6d - Netpc O\u00dc","og_description":"Tehtud t\u00f6\u00f6d Vaata k\u00f5ikiBrandingDesignMarketingPhotographyJ\u00e4rjesta kuup\u00e4eva j\u00e4rgiSorteeri nime j\u00e4rgiKahanevaltKasvavalt Fusce eget arcu Design Fusce varius Branding Maecenas feugiat Design Nulla dolor lorem Marketing Quisque porttitor Branding, Design Curabitur pellen tesque Marketing, Photography Etiam id justo Branding, Marketing, Photography Glavrida nulla amen Branding, Marketing, Photography Lorem ipsum dolor Marketing, Photography Phasellus fermentum pretium Photography Nullam tellus Marketing,&hellip;","og_url":"https:\/\/netpc.ee\/en\/tood\/","og_site_name":"Netpc O\u00dc","article_modified_time":"2020-05-16T19:51:32+00:00","og_image":[{"width":1500,"height":1000,"url":"https:\/\/netpc.ee\/wp-content\/uploads\/2019\/11\/7-bg-122.jpg","type":"image\/jpeg"}],"twitter_card":"summary_large_image","schema":{"@context":"https:\/\/schema.org","@graph":[{"@type":"WebPage","@id":"https:\/\/netpc.ee\/tood\/","url":"https:\/\/netpc.ee\/tood\/","name":"Tehtud t\u00f6\u00f6d - Netpc O\u00dc","isPartOf":{"@id":"https:\/\/netpc.ee\/#website"},"primaryImageOfPage":{"@id":"https:\/\/netpc.ee\/tood\/#primaryimage"},"image":{"@id":"https:\/\/netpc.ee\/tood\/#primaryimage"},"thumbnailUrl":"https:\/\/netpc.ee\/wp-content\/uploads\/2019\/11\/7-bg-122.jpg","datePublished":"2019-11-14T12:59:33+00:00","dateModified":"2020-05-16T19:51:32+00:00","breadcrumb":{"@id":"https:\/\/netpc.ee\/tood\/#breadcrumb"},"inLanguage":"en-GB","potentialAction":[{"@type":"ReadAction","target":["https:\/\/netpc.ee\/tood\/"]}]},{"@type":"ImageObject","inLanguage":"en-GB","@id":"https:\/\/netpc.ee\/tood\/#primaryimage","url":"https:\/\/netpc.ee\/wp-content\/uploads\/2019\/11\/7-bg-122.jpg","contentUrl":"https:\/\/netpc.ee\/wp-content\/uploads\/2019\/11\/7-bg-122.jpg","width":1500,"height":1000},{"@type":"BreadcrumbList","@id":"https:\/\/netpc.ee\/tood\/#breadcrumb","itemListElement":[{"@type":"ListItem","position":1,"name":"Home","item":"https:\/\/netpc.ee\/"},{"@type":"ListItem","position":2,"name":"Tehtud t\u00f6\u00f6d"}]},{"@type":"WebSite","@id":"https:\/\/netpc.ee\/#website","url":"https:\/\/netpc.ee\/","name":"Netpc O\u00dc","description":"","publisher":{"@id":"https:\/\/netpc.ee\/#organization"},"potentialAction":[{"@type":"SearchAction","target":{"@type":"EntryPoint","urlTemplate":"https:\/\/netpc.ee\/?s={search_term_string}"},"query-input":{"@type":"PropertyValueSpecification","valueRequired":true,"valueName":"search_term_string"}}],"inLanguage":"en-GB"},{"@type":"Organization","@id":"https:\/\/netpc.ee\/#organization","name":"Netpc O\u00dc","url":"https:\/\/netpc.ee\/","logo":{"@type":"ImageObject","inLanguage":"en-GB","@id":"https:\/\/netpc.ee\/#\/schema\/logo\/image\/","url":"https:\/\/netpc.ee\/wp-content\/uploads\/2020\/05\/icon-2.png","contentUrl":"https:\/\/netpc.ee\/wp-content\/uploads\/2020\/05\/icon-2.png","width":60,"height":63,"caption":"Netpc O\u00dc"},"image":{"@id":"https:\/\/netpc.ee\/#\/schema\/logo\/image\/"}}]}},"_links":{"self":[{"href":"https:\/\/netpc.ee\/en\/wp-json\/wp\/v2\/pages\/189","targetHints":{"allow":["GET"]}}],"collection":[{"href":"https:\/\/netpc.ee\/en\/wp-json\/wp\/v2\/pages"}],"about":[{"href":"https:\/\/netpc.ee\/en\/wp-json\/wp\/v2\/types\/page"}],"author":[{"embeddable":true,"href":"https:\/\/netpc.ee\/en\/wp-json\/wp\/v2\/users\/1"}],"replies":[{"embeddable":true,"href":"https:\/\/netpc.ee\/en\/wp-json\/wp\/v2\/comments?post=189"}],"version-history":[{"count":9,"href":"https:\/\/netpc.ee\/en\/wp-json\/wp\/v2\/pages\/189\/revisions"}],"predecessor-version":[{"id":3075,"href":"https:\/\/netpc.ee\/en\/wp-json\/wp\/v2\/pages\/189\/revisions\/3075"}],"wp:featuredmedia":[{"embeddable":true,"href":"https:\/\/netpc.ee\/en\/wp-json\/wp\/v2\/media\/25"}],"wp:attachment":[{"href":"https:\/\/netpc.ee\/en\/wp-json\/wp\/v2\/media?parent=189"}],"curies":[{"name":"wp","href":"https:\/\/api.w.org\/{rel}","templated":true}]}}